{"id":185,"date":"2025-03-02T13:23:50","date_gmt":"2025-03-02T12:23:50","guid":{"rendered":"https:\/\/animaloos.yohanndeprez.com\/?page_id=185"},"modified":"2025-10-14T13:28:35","modified_gmt":"2025-10-14T11:28:35","slug":"informativa-sulla-privacy","status":"publish","type":"page","link":"https:\/\/animaloos.com\/it\/politique-de-confidentialite\/","title":{"rendered":"Informativa sulla privacy"},"content":{"rendered":"<div data-elementor-type=\"wp-page\" data-elementor-id=\"185\" class=\"elementor elementor-185\" data-elementor-post-type=\"page\">\n\t\t\t\t<div class=\"elementor-element elementor-element-22a50fe e-flex e-con-boxed e-con e-parent\" data-id=\"22a50fe\" data-element_type=\"container\" data-e-type=\"container\">\n\t\t\t\t\t<div class=\"e-con-inner\">\n\t\t\t\t<div class=\"elementor-element elementor-element-3be2e8b elementor-widget elementor-widget-heading\" data-id=\"3be2e8b\" data-element_type=\"widget\" data-e-type=\"widget\" data-widget_type=\"heading.default\">\n\t\t\t\t<div class=\"elementor-widget-container\">\n\t\t\t\t\t<h1 class=\"elementor-heading-title elementor-size-default\">Informativa sulla privacy<\/h1>\t\t\t\t<\/div>\n\t\t\t\t<\/div>\n\t\t\t\t<div class=\"elementor-element elementor-element-5376869 elementor-widget elementor-widget-text-editor\" data-id=\"5376869\" data-element_type=\"widget\" data-e-type=\"widget\" data-widget_type=\"text-editor.default\">\n\t\t\t\t<div class=\"elementor-widget-container\">\n\t\t\t\t\t<style>.elementor-element-5376869{display:none !important}<\/style>\t\t\t\t<\/div>\n\t\t\t\t<\/div>\n\t\t\t\t<div class=\"elementor-element elementor-element-8fc8043 elementor-widget elementor-widget-text-editor\" data-id=\"8fc8043\" data-element_type=\"widget\" data-e-type=\"widget\" data-widget_type=\"text-editor.default\">\n\t\t\t\t<div class=\"elementor-widget-container\">\n\t\t\t\t\t<style>.elementor-element-8fc8043{display:none !important}<\/style>\t\t\t\t<\/div>\n\t\t\t\t<\/div>\n\t\t\t\t<div class=\"elementor-element elementor-element-47ab234 elementor-widget elementor-widget-text-editor\" data-id=\"47ab234\" data-element_type=\"widget\" data-e-type=\"widget\" data-widget_type=\"text-editor.default\">\n\t\t\t\t<div class=\"elementor-widget-container\">\n\t\t\t\t\t<style>.elementor-element-47ab234{display:none !important}<\/style>\t\t\t\t<\/div>\n\t\t\t\t<\/div>\n\t\t\t\t<div class=\"elementor-element elementor-element-d9bb072 elementor-widget elementor-widget-text-editor\" data-id=\"d9bb072\" data-element_type=\"widget\" data-e-type=\"widget\" data-widget_type=\"text-editor.default\">\n\t\t\t\t<div class=\"elementor-widget-container\">\n\t\t\t\t\t\t\t\t\t<p><span style=\"color: #333333;\"><b>1. Dati personali raccolti<\/b><br \/>Quando si effettua un acquisto sul sito web di Animaloos, raccogliamo le informazioni personali fornite, come il nome, l'indirizzo e l'indirizzo e-mail, al fine di elaborare l'acquisto e la vendita.<br \/><br \/>Durante la navigazione sul sito web di Animaloos, riceviamo automaticamente l'indirizzo IP del vostro computer, che ci permette di ottenere ulteriori dettagli sul browser e sul sistema operativo utilizzato.<br \/><br \/><b>Email marketing (se applicabile)<\/b>: con il tuo consenso, potremmo inviarti e-mail riguardanti il nostro negozio, nuovi prodotti e altri aggiornamenti.<br \/><br \/><b>2. Consenso<\/b><br \/><b>Come otteniamo il vostro consenso?<\/b><br \/>Quando ci fornisci le tue informazioni personali per completare una transazione, verificare la tua carta di credito, effettuare un ordine, programmare una consegna o restituire un acquisto, consideriamo che tu acconsenta alla raccolta e all'utilizzo di tali dati solo per quelle finalit\u00e0.<br \/><br \/>Se ti chiediamo di fornire i tuoi dati personali per un'altra ragione (ad esempio per il marketing), ti chiediamo direttamente il tuo consenso esplicito o ti offriamo la possibilit\u00e0 di rifiutare.<br \/><br \/><b>Come posso revocare il mio consenso?<\/b><br \/>Se, dopo averci fornito il tuo consenso, cambi idea, puoi revocarlo in qualsiasi momento contattandoci all'indirizzo: <a href=\"mailto:contact@animaloos.com\"><b>contact@animaloos.com<\/b><\/a><br \/><br \/><b>3. Divulgazione<\/b><br \/>Potremmo divulgare le tue informazioni personali se richieste dalla legge o se violi i nostri <b>Termini e condizioni generali di vendita e utilizzo<\/b>.<br \/><br \/><b>4. IONOS<\/b><br \/>Il nostro sito \u00e8 ospitato da <a href=\"\/it\/Ionos.com\/?wmc-currency=EUR\">Ionos.com<\/a>.<br \/>I tuoi dati sono archiviati nei sistemi di archiviazione e database di Ionos su server sicuri protetti da firewall.<br \/><br \/><b>Pagamento<\/b>se effettui l'acquisto tramite una piattaforma di pagamento diretto, Ionos memorizzer\u00e0 i tuoi dati di carta di credito, cifrati secondo gli standard PCI-DSS.<br \/><br \/>Per ulteriori informazioni, ti invitiamo a consultare le <b>Condizioni d'uso<\/b> o il <b>Informativa sulla privacy<\/b> di Ionos.<br \/><br \/><b>5. Servizi di terze parti<\/b><br \/>In generale, i fornitori di servizi terzi raccolgono, usano e divulgano i tuoi dati solo nella misura necessaria per fornire i servizi richiesti.<br \/><br \/>Alcuni fornitori (come le piattaforme di pagamento) hanno proprie politiche sulla privacy riguardo alle informazioni che dobbiamo fornire per completare le transazioni.<br \/><br \/><b>6. Sicurezza<\/b><br \/>Adottiamo misure ragionevoli per proteggere i tuoi dati personali seguendo le migliori pratiche del settore, per evitare che siano persi, consultati, modificati o distrutti impropriamente.<br \/><br \/>I dati della carta di credito vengono criptati con il protocollo SSL e archiviati con la crittografia AES-256.<br \/><br \/><b>7. Et\u00e0 di consenso<\/b><br \/>Utilizzando il sito Animaloos, dichiari di avere almeno l'et\u00e0 della maggiore et\u00e0 nel tuo paese o provincia di residenza, e di autorizzare l'uso del sito anche a minori sotto la tua responsabilit\u00e0.<br \/><br \/><b>8. Modifiche a questa Informativa<\/b><br \/>Ci riserviamo il diritto di modificare questa Informativa sulla Privacy in qualsiasi momento, quindi ti invitiamo a consultarla frequentemente.<br \/><br \/>In caso di acquisizione o fusione con un'altra azienda, le tue informazioni potrebbero essere trasferite ai nuovi proprietari.<br \/><br \/><b>Domande e contatti<\/b><br \/>Per accedere, correggere, modificare o eliminare qualsiasi dato personale in nostro possesso, o semplicemente per ricevere maggiori informazioni, contattaci a: <a href=\"mailto:contact@animaloos.com\"><b>contact@animaloos.com<\/b><\/a><br \/><\/span><\/p>\t\t\t\t\t\t\t\t<\/div>\n\t\t\t\t<\/div>\n\t\t\t\t<div class=\"elementor-element elementor-element-6ee6351 elementor-widget elementor-widget-text-editor\" data-id=\"6ee6351\" data-element_type=\"widget\" data-e-type=\"widget\" data-widget_type=\"text-editor.default\">\n\t\t\t\t<div class=\"elementor-widget-container\">\n\t\t\t\t\t<style>.elementor-element-6ee6351{display:none !important}<\/style>\t\t\t\t<\/div>\n\t\t\t\t<\/div>\n\t\t\t\t<div class=\"elementor-element elementor-element-eaa8e28 elementor-widget elementor-widget-text-editor\" data-id=\"eaa8e28\" data-element_type=\"widget\" data-e-type=\"widget\" data-widget_type=\"text-editor.default\">\n\t\t\t\t<div class=\"elementor-widget-container\">\n\t\t\t\t\t<style>.elementor-element-eaa8e28{display:none !important}<\/style>\t\t\t\t<\/div>\n\t\t\t\t<\/div>\n\t\t\t\t\t<\/div>\n\t\t\t\t<\/div>\n\t\t\t\t<\/div>","protected":false},"excerpt":{"rendered":"<p>1. Donn\u00e9es collect\u00e9es Lorsque vous effectuez un achat sur le site Animaloos, nous recueillons certaines donn\u00e9es personnelles n\u00e9cessaires \u00e0 la commande : nom, adresse, e-mail et informations de livraison. Lors de votre navigation, nous collectons \u00e9galement votre adresse IP, afin d\u2019optimiser votre exp\u00e9rience utilisateur et de s\u00e9curiser nos services (ex : d\u00e9tection de fraude). Avec [&hellip;]<\/p>\n","protected":false},"author":1,"featured_media":0,"parent":0,"menu_order":17,"comment_status":"closed","ping_status":"closed","template":"elementor_header_footer","meta":{"footnotes":""},"class_list":["post-185","page","type-page","status-publish","hentry"],"blocksy_meta":[],"yoast_head":"<!-- This site is optimized with the Yoast SEO plugin v27.4 - https:\/\/yoast.com\/product\/yoast-seo-wordpress\/ -->\n<title>Politique de confidentialit\u00e9 - Animaloos<\/title>\n<meta name=\"robots\" content=\"index, follow, max-snippet:-1, max-image-preview:large, max-video-preview:-1\" \/>\n<link rel=\"canonical\" href=\"https:\/\/animaloos.com\/it\/informativa-sulla-privacy\/?wmc-currency=EUR\" \/>\n<meta property=\"og:locale\" content=\"it_IT\" \/>\n<meta property=\"og:type\" content=\"article\" \/>\n<meta property=\"og:title\" content=\"Politique de confidentialit\u00e9 - Animaloos\" \/>\n<meta property=\"og:description\" content=\"1. Donn\u00e9es collect\u00e9es Lorsque vous effectuez un achat sur le site Animaloos, nous recueillons certaines donn\u00e9es personnelles n\u00e9cessaires \u00e0 la commande : nom, adresse, e-mail et informations de livraison. Lors de votre navigation, nous collectons \u00e9galement votre adresse IP, afin d\u2019optimiser votre exp\u00e9rience utilisateur et de s\u00e9curiser nos services (ex : d\u00e9tection de fraude). Avec [&hellip;]\" \/>\n<meta property=\"og:url\" content=\"https:\/\/animaloos.com\/it\/informativa-sulla-privacy\/?wmc-currency=EUR\" \/>\n<meta property=\"og:site_name\" content=\"Animaloos\" \/>\n<meta property=\"article:modified_time\" content=\"2025-10-14T11:28:35+00:00\" \/>\n<meta name=\"twitter:card\" content=\"summary_large_image\" \/>\n<meta name=\"twitter:label1\" content=\"Tempo di lettura stimato\" \/>\n\t<meta name=\"twitter:data1\" content=\"14 minuti\" \/>\n<script type=\"application\/ld+json\" class=\"yoast-schema-graph\">{\"@context\":\"https:\\\/\\\/schema.org\",\"@graph\":[{\"@type\":\"WebPage\",\"@id\":\"https:\\\/\\\/animaloos.com\\\/politique-de-confidentialite\\\/\",\"url\":\"https:\\\/\\\/animaloos.com\\\/politique-de-confidentialite\\\/\",\"name\":\"Politique de confidentialit\u00e9 - Animaloos\",\"isPartOf\":{\"@id\":\"https:\\\/\\\/animaloos.com\\\/#website\"},\"datePublished\":\"2025-03-02T12:23:50+00:00\",\"dateModified\":\"2025-10-14T11:28:35+00:00\",\"breadcrumb\":{\"@id\":\"https:\\\/\\\/animaloos.com\\\/politique-de-confidentialite\\\/#breadcrumb\"},\"inLanguage\":\"it-IT\",\"potentialAction\":[{\"@type\":\"ReadAction\",\"target\":[\"https:\\\/\\\/animaloos.com\\\/politique-de-confidentialite\\\/\"]}]},{\"@type\":\"BreadcrumbList\",\"@id\":\"https:\\\/\\\/animaloos.com\\\/politique-de-confidentialite\\\/#breadcrumb\",\"itemListElement\":[{\"@type\":\"ListItem\",\"position\":1,\"name\":\"Accueil\",\"item\":\"https:\\\/\\\/animaloos.com\\\/\"},{\"@type\":\"ListItem\",\"position\":2,\"name\":\"Politique de confidentialit\u00e9\"}]},{\"@type\":\"WebSite\",\"@id\":\"https:\\\/\\\/animaloos.com\\\/#website\",\"url\":\"https:\\\/\\\/animaloos.com\\\/\",\"name\":\"Animaloos\",\"description\":\"\",\"potentialAction\":[{\"@type\":\"SearchAction\",\"target\":{\"@type\":\"EntryPoint\",\"urlTemplate\":\"https:\\\/\\\/animaloos.com\\\/?s={search_term_string}\"},\"query-input\":{\"@type\":\"PropertyValueSpecification\",\"valueRequired\":true,\"valueName\":\"search_term_string\"}}],\"inLanguage\":\"it-IT\"}]}<\/script>\n<!-- \/ Yoast SEO plugin. -->","yoast_head_json":{"title":"Informativa sulla privacy - Animaloos","robots":{"index":"index","follow":"follow","max-snippet":"max-snippet:-1","max-image-preview":"max-image-preview:large","max-video-preview":"max-video-preview:-1"},"canonical":"https:\/\/animaloos.com\/it\/informativa-sulla-privacy\/?wmc-currency=EUR","og_locale":"it_IT","og_type":"article","og_title":"Politique de confidentialit\u00e9 - Animaloos","og_description":"1. Donn\u00e9es collect\u00e9es Lorsque vous effectuez un achat sur le site Animaloos, nous recueillons certaines donn\u00e9es personnelles n\u00e9cessaires \u00e0 la commande : nom, adresse, e-mail et informations de livraison. Lors de votre navigation, nous collectons \u00e9galement votre adresse IP, afin d\u2019optimiser votre exp\u00e9rience utilisateur et de s\u00e9curiser nos services (ex : d\u00e9tection de fraude). Avec [&hellip;]","og_url":"https:\/\/animaloos.com\/it\/informativa-sulla-privacy\/?wmc-currency=EUR","og_site_name":"Animaloos","article_modified_time":"2025-10-14T11:28:35+00:00","twitter_card":"summary_large_image","twitter_misc":{"Tempo di lettura stimato":"14 minuti"},"schema":{"@context":"https:\/\/schema.org","@graph":[{"@type":"WebPage","@id":"https:\/\/animaloos.com\/politique-de-confidentialite\/","url":"https:\/\/animaloos.com\/politique-de-confidentialite\/","name":"Informativa sulla privacy - Animaloos","isPartOf":{"@id":"https:\/\/animaloos.com\/#website"},"datePublished":"2025-03-02T12:23:50+00:00","dateModified":"2025-10-14T11:28:35+00:00","breadcrumb":{"@id":"https:\/\/animaloos.com\/politique-de-confidentialite\/#breadcrumb"},"inLanguage":"it-IT","potentialAction":[{"@type":"ReadAction","target":["https:\/\/animaloos.com\/politique-de-confidentialite\/"]}]},{"@type":"BreadcrumbList","@id":"https:\/\/animaloos.com\/politique-de-confidentialite\/#breadcrumb","itemListElement":[{"@type":"ListItem","position":1,"name":"Accueil","item":"https:\/\/animaloos.com\/"},{"@type":"ListItem","position":2,"name":"Politique de confidentialit\u00e9"}]},{"@type":"WebSite","@id":"https:\/\/animaloos.com\/#website","url":"https:\/\/animaloos.com\/","name":"Animaloos","description":"","potentialAction":[{"@type":"SearchAction","target":{"@type":"EntryPoint","urlTemplate":"https:\/\/animaloos.com\/?s={search_term_string}"},"query-input":{"@type":"PropertyValueSpecification","valueRequired":true,"valueName":"search_term_string"}}],"inLanguage":"it-IT"}]}},"_links":{"self":[{"href":"https:\/\/animaloos.com\/it\/wp-json\/wp\/v2\/pages\/185","targetHints":{"allow":["GET"]}}],"collection":[{"href":"https:\/\/animaloos.com\/it\/wp-json\/wp\/v2\/pages"}],"about":[{"href":"https:\/\/animaloos.com\/it\/wp-json\/wp\/v2\/types\/page"}],"author":[{"embeddable":true,"href":"https:\/\/animaloos.com\/it\/wp-json\/wp\/v2\/users\/1"}],"replies":[{"embeddable":true,"href":"https:\/\/animaloos.com\/it\/wp-json\/wp\/v2\/comments?post=185"}],"version-history":[{"count":6,"href":"https:\/\/animaloos.com\/it\/wp-json\/wp\/v2\/pages\/185\/revisions"}],"predecessor-version":[{"id":7449,"href":"https:\/\/animaloos.com\/it\/wp-json\/wp\/v2\/pages\/185\/revisions\/7449"}],"wp:attachment":[{"href":"https:\/\/animaloos.com\/it\/wp-json\/wp\/v2\/media?parent=185"}],"curies":[{"name":"wp","href":"https:\/\/api.w.org\/{rel}","templated":true}]}}