{"id":4589,"date":"2025-07-10T15:46:55","date_gmt":"2025-07-10T13:46:55","guid":{"rendered":"https:\/\/animaloos.yohanndeprez.com\/?page_id=4589"},"modified":"2025-10-14T13:27:35","modified_gmt":"2025-10-14T11:27:35","slug":"cgv-cgu","status":"publish","type":"page","link":"https:\/\/animaloos.com\/es\/cgv-cgu\/","title":{"rendered":"CONDICIONES GENERALES"},"content":{"rendered":"<div data-elementor-type=\"wp-page\" data-elementor-id=\"4589\" class=\"elementor elementor-4589\" data-elementor-post-type=\"page\">\n\t\t\t\t<div class=\"elementor-element elementor-element-1b0fa06 e-flex e-con-boxed e-con e-parent\" data-id=\"1b0fa06\" data-element_type=\"container\" data-e-type=\"container\">\n\t\t\t\t\t<div class=\"e-con-inner\">\n\t\t\t\t<div class=\"elementor-element elementor-element-02e3879 elementor-widget elementor-widget-heading\" data-id=\"02e3879\" data-element_type=\"widget\" data-e-type=\"widget\" data-widget_type=\"heading.default\">\n\t\t\t\t<div class=\"elementor-widget-container\">\n\t\t\t\t\t<h1 class=\"elementor-heading-title elementor-size-default\">CONDICIONES GENERALES<\/h1>\t\t\t\t<\/div>\n\t\t\t\t<\/div>\n\t\t\t\t<div class=\"elementor-element elementor-element-93c3551 elementor-widget elementor-widget-text-editor\" data-id=\"93c3551\" data-element_type=\"widget\" data-e-type=\"widget\" data-widget_type=\"text-editor.default\">\n\t\t\t\t<div class=\"elementor-widget-container\">\n\t\t\t\t\t<style>.elementor-element-93c3551{display:none !important}<\/style>\t\t\t\t<\/div>\n\t\t\t\t<\/div>\n\t\t\t\t<div class=\"elementor-element elementor-element-b488b68 elementor-widget elementor-widget-text-editor\" data-id=\"b488b68\" data-element_type=\"widget\" data-e-type=\"widget\" data-widget_type=\"text-editor.default\">\n\t\t\t\t<div class=\"elementor-widget-container\">\n\t\t\t\t\t\t\t\t\t<p><span style=\"color: #333333;\">Este sitio web es operado por <a href=\"http:\/\/animaloos.com\/es\/?wmc-currency=EUR\">animaloos.com<\/a>. En todo el sitio, los t\u00e9rminos \" nosotros \", \" nuestro \" y \" nos \" se refieren a <a href=\"http:\/\/animaloos.com\/es\/?wmc-currency=EUR\">animaloos.com<\/a>que ofrece este sitio web, incluida toda la informaci\u00f3n, herramientas y servicios disponibles para usted, el usuario, condicionado a su aceptaci\u00f3n de todos los t\u00e9rminos, condiciones, pol\u00edticas y avisos aqu\u00ed establecidos.<br \/><br \/>Al visitar nuestro sitio y\/o comprar alguno de nuestros productos, usted utiliza nuestro \"Servicio\" y acepta estar sujeto a los siguientes t\u00e9rminos y condiciones (\"T\u00e9rminos y Condiciones de Venta y Uso\", \"T\u00e9rminos\"), incluidos los t\u00e9rminos, condiciones y pol\u00edticas adicionales a los que se hace referencia aqu\u00ed y\/o que est\u00e1n disponibles mediante hiperv\u00ednculo.<br \/><br \/>Estos T\u00e9rminos y Condiciones se aplican a todos los usuarios del sitio, incluidos, entre otros, los navegadores, clientes, comerciantes y\/o colaboradores de contenido.<br \/><br \/>Por favor, lea atentamente estos T\u00e9rminos antes de acceder o utilizar nuestro sitio web. Al acceder o utilizar cualquier parte del sitio, usted acepta estar sujeto a estos T\u00e9rminos. Si no est\u00e1 de acuerdo con todos los t\u00e9rminos y condiciones de este acuerdo, entonces no debe acceder al sitio web ni utilizar los servicios.<br \/><br \/><b>\ud83d\udccc Art\u00edculo 1 - Condiciones de uso de nuestra tienda online<\/b><br \/><br \/>Al aceptar estos T\u00e9rminos, usted declara que tiene la mayor\u00eda de edad en su pa\u00eds o provincia de residencia, o que tiene el consentimiento de su tutor legal para permitir el uso de este sitio por parte de menores a su cargo.<br \/><br \/>Est\u00e1 prohibido utilizar nuestros productos con fines ilegales o no autorizados. Tampoco puede violar cualquier ley en su jurisdicci\u00f3n (incluyendo, entre otros, derechos de autor).<br \/><br \/>Est\u00e1 estrictamente prohibido transmitir virus, gusanos o cualquier otro c\u00f3digo de naturaleza destructiva.<br \/><br \/>Cualquier violaci\u00f3n de estas Condiciones dar\u00e1 lugar a la terminaci\u00f3n inmediata de sus Servicios.<br \/><br \/><b>\ud83d\udccc Art\u00edculo 2 - Condiciones generales<\/b><br \/><br \/>Nos reservamos el derecho de rechazar el servicio a cualquier persona, por cualquier motivo y en cualquier momento.<br \/><br \/>Usted comprende que su contenido (excepto la informaci\u00f3n de la tarjeta de cr\u00e9dito) puede transferirse sin cifrado:<br \/><br \/>(a) a trav\u00e9s de varias redes;<br \/><br \/>(b) y puede implicar cambios para cumplir con los requisitos t\u00e9cnicos de conexi\u00f3n de redes o dispositivos.<br \/><br \/>La informaci\u00f3n de tarjetas de cr\u00e9dito siempre se transfiere cifrada.<br \/><br \/><b>\ud83d\udccc Art\u00edculo 3 - Exactitud, integridad y actualidad de la informaci\u00f3n<\/b><br \/><br \/>No nos hacemos responsables si la informaci\u00f3n disponible en este sitio no es exacta, completa o actualizada. Todos los contenidos se facilitan \u00fanicamente con fines informativos.<br \/><br \/>Puede haber informaci\u00f3n hist\u00f3rica que ya no sea v\u00e1lida. Se facilita \u00fanicamente como referencia.<br \/><br \/><b>\ud83d\udccc Art\u00edculo 4 - Modificaciones del servicio y precios<\/b><br \/><br \/>Los precios de nuestros productos pueden cambiar sin previo aviso.<br \/><br \/>Nos reservamos el derecho de modificar o interrumpir el Servicio (o cualquier parte del mismo) en cualquier momento sin previo aviso.<br \/><br \/><b>\ud83d\udccc Art\u00edculo 5 - Productos o servicios<\/b><br \/><br \/>Algunos productos pueden estar disponibles exclusivamente en l\u00ednea. Estos productos pueden estar disponibles en cantidades limitadas y estar sujetos a nuestra pol\u00edtica de devoluciones.<br \/><br \/>Hacemos todo lo posible para mostrar con precisi\u00f3n los colores y las im\u00e1genes de nuestros productos, pero no podemos garantizar que la visualizaci\u00f3n en su pantalla sea completamente exacta.<br \/><br \/><b>\ud83d\udccc Art\u00edculo 6 - Facturaci\u00f3n y datos de cuenta<\/b><br \/><br \/>Nos reservamos el derecho a rechazar cualquier pedido. Podemos, a nuestra discreci\u00f3n, limitar o cancelar las cantidades compradas por persona, por casa o por pedido.<br \/><br \/><b>\ud83d\udccc Art\u00edculo 7 - Herramientas opcionales<\/b><br \/><br \/>Podemos proporcionarle acceso a herramientas de terceros que no supervisamos ni controlamos.<br \/><br \/>Usted reconoce que proporcionamos acceso a dichas herramientas \"tal cual\" y \"seg\u00fan disponibilidad\", sin garant\u00edas.<br \/><br \/><b>\ud83d\udccc Art\u00edculo 8 - Enlaces de terceros<\/b><br \/><br \/>Algunos contenidos disponibles a trav\u00e9s de nuestro sitio pueden incluir materiales de terceros.<br \/><br \/><b>\ud83d\udccc Art\u00edculo 9 - Comentarios y sugerencias de los usuarios<\/b><br \/><br \/>Si nos env\u00eda sus sugerencias, ideas o contenidos creativos, acepta que podamos editarlos, copiarlos, publicarlos y distribuirlos sin restricciones.<br \/><br \/><b>\ud83d\udccc Art\u00edculo 10 - Datos personales<\/b><br \/><br \/>El env\u00edo de su informaci\u00f3n personal est\u00e1 sujeto a nuestra Pol\u00edtica de Privacidad.<br \/><br \/><b>\ud83d\udccc Art\u00edculo 11 - Usos prohibidos<\/b><br \/><br \/>Est\u00e1 prohibido utilizar el sitio o su contenido con fines ilegales, ofensivos, discriminatorios o que infrinjan los derechos de propiedad intelectual.<br \/><br \/><b>\ud83d\udccc Art\u00edculo 12 - Garant\u00edas y limitaci\u00f3n de responsabilidad<\/b><br \/><br \/>No garantizamos que el uso de nuestro servicio sea ininterrumpido, oportuno, seguro o sin errores.<br \/><br \/><b>\ud83d\udccc Art\u00edculo 13 - Indemnizaci\u00f3n<\/b><br \/><br \/>Usted se compromete a indemnizar a <a href=\"http:\/\/animaloos.com\/es\/?wmc-currency=EUR\">animaloos.com<\/a> y sus afiliados en caso de reclamaciones resultantes de su incumplimiento de estos T\u00e9rminos.<br \/><br \/><b>\ud83d\udccc Art\u00edculo 14 - Terminaci\u00f3n<\/b><br \/><br \/>Nos reservamos el derecho de cancelar su acceso a nuestros servicios si viola estos T\u00e9rminos.<br \/><br \/><b>\ud83d\udccc Art\u00edculo 15 - Legislaci\u00f3n aplicable<\/b><br \/><br \/>Estos T\u00e9rminos se rigen por la legislaci\u00f3n vigente en Espa\u00f1a (o el pa\u00eds desde donde opera el usuario).<br \/><br \/><b>\ud83d\udccc Art\u00edculo 16 - Cambios en las condiciones<\/b><br \/><br \/>Nos reservamos el derecho de modificar estos T\u00e9rminos en cualquier momento. El uso continuado del sitio despu\u00e9s de estos cambios constituye la aceptaci\u00f3n de los mismos.<br \/><br \/><b>\ud83d\udccc Art\u00edculo 17 - Contacto<\/b><br \/><br \/>Si tiene alguna pregunta sobre estos T\u00e9rminos, puede escribirnos a:<br \/>\ud83d\udce9 <a href=\"mailto:contact@animaloos.com\">contact@animaloos.com<\/a><br \/><\/span><\/p>\t\t\t\t\t\t\t\t<\/div>\n\t\t\t\t<\/div>\n\t\t\t\t<div class=\"elementor-element elementor-element-042e467 elementor-widget elementor-widget-text-editor\" data-id=\"042e467\" data-element_type=\"widget\" data-e-type=\"widget\" data-widget_type=\"text-editor.default\">\n\t\t\t\t<div class=\"elementor-widget-container\">\n\t\t\t\t\t<style>.elementor-element-042e467{display:none !important}<\/style>\t\t\t\t<\/div>\n\t\t\t\t<\/div>\n\t\t\t\t<div class=\"elementor-element elementor-element-864be05 elementor-widget elementor-widget-text-editor\" data-id=\"864be05\" data-element_type=\"widget\" data-e-type=\"widget\" data-widget_type=\"text-editor.default\">\n\t\t\t\t<div class=\"elementor-widget-container\">\n\t\t\t\t\t<style>.elementor-element-864be05{display:none !important}<\/style>\t\t\t\t<\/div>\n\t\t\t\t<\/div>\n\t\t\t\t<div class=\"elementor-element elementor-element-5005016 elementor-widget elementor-widget-text-editor\" data-id=\"5005016\" data-element_type=\"widget\" data-e-type=\"widget\" data-widget_type=\"text-editor.default\">\n\t\t\t\t<div class=\"elementor-widget-container\">\n\t\t\t\t\t<style>.elementor-element-5005016{display:none !important}<\/style>\t\t\t\t<\/div>\n\t\t\t\t<\/div>\n\t\t\t\t<div class=\"elementor-element elementor-element-e4c171f elementor-widget elementor-widget-text-editor\" data-id=\"e4c171f\" data-element_type=\"widget\" data-e-type=\"widget\" data-widget_type=\"text-editor.default\">\n\t\t\t\t<div class=\"elementor-widget-container\">\n\t\t\t\t\t<style>.elementor-element-e4c171f{display:none !important}<\/style>\t\t\t\t<\/div>\n\t\t\t\t<\/div>\n\t\t\t\t\t<\/div>\n\t\t\t\t<\/div>\n\t\t\t\t<\/div>","protected":false},"excerpt":{"rendered":"<p>Questo sito web \u00e8 gestito da animaloos.com. In tutto il sito, i termini \u00ab\u00a0noi\u00a0\u00bb, \u00ab\u00a0nostro\u00a0\u00bb e \u00ab\u00a0ci\u00a0\u00bb si riferiscono a animaloos.com, che offre questo sito web, incluse tutte le informazioni, gli strumenti e i servizi disponibili per l\u2019utente, a condizione che egli accetti tutti i termini, le condizioni, le politiche e le avvertenze qui riportate. [&hellip;]<\/p>\n","protected":false},"author":1,"featured_media":0,"parent":0,"menu_order":4,"comment_status":"closed","ping_status":"closed","template":"elementor_header_footer","meta":{"footnotes":""},"class_list":["post-4589","page","type-page","status-publish","hentry"],"blocksy_meta":[],"yoast_head":"<!-- This site is optimized with the Yoast SEO plugin v27.4 - https:\/\/yoast.com\/product\/yoast-seo-wordpress\/ -->\n<title>CGV \/ CGU - Animaloos<\/title>\n<meta name=\"robots\" content=\"index, follow, max-snippet:-1, max-image-preview:large, max-video-preview:-1\" \/>\n<link rel=\"canonical\" href=\"https:\/\/animaloos.com\/es\/cgv-cgu\/?wmc-currency=EUR\" \/>\n<meta property=\"og:locale\" content=\"es_ES\" \/>\n<meta property=\"og:type\" content=\"article\" \/>\n<meta property=\"og:title\" content=\"CGV \/ CGU - Animaloos\" \/>\n<meta property=\"og:description\" content=\"Questo sito web \u00e8 gestito da animaloos.com. In tutto il sito, i termini \u00ab\u00a0noi\u00a0\u00bb, \u00ab\u00a0nostro\u00a0\u00bb e \u00ab\u00a0ci\u00a0\u00bb si riferiscono a animaloos.com, che offre questo sito web, incluse tutte le informazioni, gli strumenti e i servizi disponibili per l\u2019utente, a condizione che egli accetti tutti i termini, le condizioni, le politiche e le avvertenze qui riportate. [&hellip;]\" \/>\n<meta property=\"og:url\" content=\"https:\/\/animaloos.com\/es\/cgv-cgu\/?wmc-currency=EUR\" \/>\n<meta property=\"og:site_name\" content=\"Animaloos\" \/>\n<meta property=\"article:modified_time\" content=\"2025-10-14T11:27:35+00:00\" \/>\n<meta name=\"twitter:card\" content=\"summary_large_image\" \/>\n<meta name=\"twitter:label1\" content=\"Tiempo de lectura\" \/>\n\t<meta name=\"twitter:data1\" content=\"26 minutos\" \/>\n<script type=\"application\/ld+json\" class=\"yoast-schema-graph\">{\"@context\":\"https:\\\/\\\/schema.org\",\"@graph\":[{\"@type\":\"WebPage\",\"@id\":\"https:\\\/\\\/animaloos.com\\\/cgv-cgu\\\/\",\"url\":\"https:\\\/\\\/animaloos.com\\\/cgv-cgu\\\/\",\"name\":\"CGV \\\/ CGU - Animaloos\",\"isPartOf\":{\"@id\":\"https:\\\/\\\/animaloos.com\\\/#website\"},\"datePublished\":\"2025-07-10T13:46:55+00:00\",\"dateModified\":\"2025-10-14T11:27:35+00:00\",\"breadcrumb\":{\"@id\":\"https:\\\/\\\/animaloos.com\\\/cgv-cgu\\\/#breadcrumb\"},\"inLanguage\":\"es\",\"potentialAction\":[{\"@type\":\"ReadAction\",\"target\":[\"https:\\\/\\\/animaloos.com\\\/cgv-cgu\\\/\"]}]},{\"@type\":\"BreadcrumbList\",\"@id\":\"https:\\\/\\\/animaloos.com\\\/cgv-cgu\\\/#breadcrumb\",\"itemListElement\":[{\"@type\":\"ListItem\",\"position\":1,\"name\":\"Accueil\",\"item\":\"https:\\\/\\\/animaloos.com\\\/\"},{\"@type\":\"ListItem\",\"position\":2,\"name\":\"CGV \\\/ CGU\"}]},{\"@type\":\"WebSite\",\"@id\":\"https:\\\/\\\/animaloos.com\\\/#website\",\"url\":\"https:\\\/\\\/animaloos.com\\\/\",\"name\":\"Animaloos\",\"description\":\"\",\"potentialAction\":[{\"@type\":\"SearchAction\",\"target\":{\"@type\":\"EntryPoint\",\"urlTemplate\":\"https:\\\/\\\/animaloos.com\\\/?s={search_term_string}\"},\"query-input\":{\"@type\":\"PropertyValueSpecification\",\"valueRequired\":true,\"valueName\":\"search_term_string\"}}],\"inLanguage\":\"es\"}]}<\/script>\n<!-- \/ Yoast SEO plugin. -->","yoast_head_json":{"title":"CGV \/ CGU - Animaloos","robots":{"index":"index","follow":"follow","max-snippet":"max-snippet:-1","max-image-preview":"max-image-preview:large","max-video-preview":"max-video-preview:-1"},"canonical":"https:\/\/animaloos.com\/es\/cgv-cgu\/?wmc-currency=EUR","og_locale":"es_ES","og_type":"article","og_title":"CGV \/ CGU - Animaloos","og_description":"Questo sito web \u00e8 gestito da animaloos.com. In tutto il sito, i termini \u00ab\u00a0noi\u00a0\u00bb, \u00ab\u00a0nostro\u00a0\u00bb e \u00ab\u00a0ci\u00a0\u00bb si riferiscono a animaloos.com, che offre questo sito web, incluse tutte le informazioni, gli strumenti e i servizi disponibili per l\u2019utente, a condizione che egli accetti tutti i termini, le condizioni, le politiche e le avvertenze qui riportate. [&hellip;]","og_url":"https:\/\/animaloos.com\/es\/cgv-cgu\/?wmc-currency=EUR","og_site_name":"Animaloos","article_modified_time":"2025-10-14T11:27:35+00:00","twitter_card":"summary_large_image","twitter_misc":{"Tiempo de lectura":"26 minutos"},"schema":{"@context":"https:\/\/schema.org","@graph":[{"@type":"WebPage","@id":"https:\/\/animaloos.com\/cgv-cgu\/","url":"https:\/\/animaloos.com\/cgv-cgu\/","name":"CGV \/ CGU - Animaloos","isPartOf":{"@id":"https:\/\/animaloos.com\/#website"},"datePublished":"2025-07-10T13:46:55+00:00","dateModified":"2025-10-14T11:27:35+00:00","breadcrumb":{"@id":"https:\/\/animaloos.com\/cgv-cgu\/#breadcrumb"},"inLanguage":"es","potentialAction":[{"@type":"ReadAction","target":["https:\/\/animaloos.com\/cgv-cgu\/"]}]},{"@type":"BreadcrumbList","@id":"https:\/\/animaloos.com\/cgv-cgu\/#breadcrumb","itemListElement":[{"@type":"ListItem","position":1,"name":"Accueil","item":"https:\/\/animaloos.com\/"},{"@type":"ListItem","position":2,"name":"CGV \/ CGU"}]},{"@type":"WebSite","@id":"https:\/\/animaloos.com\/#website","url":"https:\/\/animaloos.com\/","name":"Animaloos","description":"","potentialAction":[{"@type":"SearchAction","target":{"@type":"EntryPoint","urlTemplate":"https:\/\/animaloos.com\/?s={search_term_string}"},"query-input":{"@type":"PropertyValueSpecification","valueRequired":true,"valueName":"search_term_string"}}],"inLanguage":"es"}]}},"_links":{"self":[{"href":"https:\/\/animaloos.com\/es\/wp-json\/wp\/v2\/pages\/4589","targetHints":{"allow":["GET"]}}],"collection":[{"href":"https:\/\/animaloos.com\/es\/wp-json\/wp\/v2\/pages"}],"about":[{"href":"https:\/\/animaloos.com\/es\/wp-json\/wp\/v2\/types\/page"}],"author":[{"embeddable":true,"href":"https:\/\/animaloos.com\/es\/wp-json\/wp\/v2\/users\/1"}],"replies":[{"embeddable":true,"href":"https:\/\/animaloos.com\/es\/wp-json\/wp\/v2\/comments?post=4589"}],"version-history":[{"count":6,"href":"https:\/\/animaloos.com\/es\/wp-json\/wp\/v2\/pages\/4589\/revisions"}],"predecessor-version":[{"id":7446,"href":"https:\/\/animaloos.com\/es\/wp-json\/wp\/v2\/pages\/4589\/revisions\/7446"}],"wp:attachment":[{"href":"https:\/\/animaloos.com\/es\/wp-json\/wp\/v2\/media?parent=4589"}],"curies":[{"name":"wp","href":"https:\/\/api.w.org\/{rel}","templated":true}]}}