{"id":4582,"date":"2025-07-10T15:39:51","date_gmt":"2025-07-10T13:39:51","guid":{"rendered":"https:\/\/animaloos.yohanndeprez.com\/?page_id=4582"},"modified":"2025-07-10T15:44:55","modified_gmt":"2025-07-10T13:44:55","slug":"politica-de-cookies","status":"publish","type":"page","link":"https:\/\/animaloos.com\/es\/politique-de-cookies\/","title":{"rendered":"Pol\u00edtica de cookies"},"content":{"rendered":"<div data-elementor-type=\"wp-page\" data-elementor-id=\"4582\" class=\"elementor elementor-4582\" data-elementor-post-type=\"page\">\n\t\t\t\t<div class=\"elementor-element elementor-element-f5b9260 e-flex e-con-boxed e-con e-parent\" data-id=\"f5b9260\" data-element_type=\"container\" data-e-type=\"container\">\n\t\t\t\t\t<div class=\"e-con-inner\">\n\t\t\t\t<div class=\"elementor-element elementor-element-c950ef6 elementor-widget elementor-widget-heading\" data-id=\"c950ef6\" data-element_type=\"widget\" data-e-type=\"widget\" data-widget_type=\"heading.default\">\n\t\t\t\t<div class=\"elementor-widget-container\">\n\t\t\t\t\t<h1 class=\"elementor-heading-title elementor-size-default\">Pol\u00edtica de cookies<\/h1>\t\t\t\t<\/div>\n\t\t\t\t<\/div>\n\t\t\t\t<div class=\"elementor-element elementor-element-6ff47b8 elementor-widget elementor-widget-text-editor\" data-id=\"6ff47b8\" data-element_type=\"widget\" data-e-type=\"widget\" data-widget_type=\"text-editor.default\">\n\t\t\t\t<div class=\"elementor-widget-container\">\n\t\t\t\t\t<style>.elementor-element-6ff47b8{display:none !important}<\/style>\t\t\t\t<\/div>\n\t\t\t\t<\/div>\n\t\t\t\t<div class=\"elementor-element elementor-element-014960c elementor-widget elementor-widget-text-editor\" data-id=\"014960c\" data-element_type=\"widget\" data-e-type=\"widget\" data-widget_type=\"text-editor.default\">\n\t\t\t\t<div class=\"elementor-widget-container\">\n\t\t\t\t\t\t\t\t\t<p>\u00daltima actualizaci\u00f3n: 10 de julio de 2025<\/p><p>En <strong>Animaloos<\/strong>Utilizamos cookies para mejorar su experiencia de navegaci\u00f3n, analizar el tr\u00e1fico del sitio y personalizar nuestros contenidos y publicidad. En esta p\u00e1gina se explica c\u00f3mo utilizamos las cookies y c\u00f3mo puede gestionar sus preferencias.<\/p><hr \/><h3>1. \u00bfQu\u00e9 es una galleta?<\/h3><p>Una cookie es un peque\u00f1o archivo de texto que se almacena en su dispositivo (ordenador, tableta, smartphone) cuando visita un sitio web. Se utiliza para almacenar cierta informaci\u00f3n sobre sus h\u00e1bitos de navegaci\u00f3n para que podamos reconocerle la pr\u00f3xima vez que nos visite.<\/p><hr \/><h3>2. \u00bfQu\u00e9 tipos de cookies utilizamos?<\/h3><h4>\ud83d\udd39 Cookies estrictamente necesarias<\/h4><p>Estas cookies son esenciales para el funcionamiento del sitio (por ejemplo, cesta de la compra, seguridad, acceso a su cuenta). No pueden desactivarse.<\/p><h4>\ud83d\udd39 Cookies estad\u00edsticas<\/h4><p>Nos permiten medir la audiencia del sitio (n\u00famero de visitas, p\u00e1ginas vistas, tiempo de permanencia, etc.) mediante herramientas como <strong>Google Analytics<\/strong>. Estas cookies s\u00f3lo se colocan si usted las acepta.<\/p><h4>\ud83d\udd39 Cookies de marketing<\/h4><p>Se utilizan para mostrar publicidad espec\u00edfica basada en sus h\u00e1bitos de navegaci\u00f3n, en particular a trav\u00e9s de <strong>Meta (Facebook\/Instagram)<\/strong> o Google Ads. Estas cookies tambi\u00e9n requieren su consentimiento.<\/p><hr \/><h3>3. Gesti\u00f3n de preferencias<\/h3><p>En su primera visita, un banner le informar\u00e1 del uso de cookies. Usted puede :<\/p><ul><li><p><strong>Aceptar todas las cookies<\/strong><\/p><\/li><li><p><strong>Rechazar todas las cookies no esenciales<\/strong><\/p><\/li><li><p><strong>Personalice sus opciones<\/strong><\/p><\/li><\/ul><p>Puede cambiar su consentimiento en cualquier momento haciendo clic en el enlace \"Gestionar cookies\" situado en la parte inferior de cualquier p\u00e1gina del sitio.<\/p><hr \/><h3>4. 4. Vida \u00fatil<\/h3><p>Las cookies se conservan durante un m\u00e1ximo de 13 meses a partir de la fecha de su consentimiento. Transcurrido este plazo, se volver\u00e1 a solicitar su permiso.<\/p><hr \/><h3>5. Para saber m\u00e1s<\/h3><p>Si desea m\u00e1s informaci\u00f3n sobre c\u00f3mo tratamos sus datos personales, consulte nuestro <a title=\"#m_-6698865860346914927_\" href=\"about:blank#m_-6698865860346914927_\" rel=\"noopener\" data-toggle=\"tooltip\">Pol\u00edtica de privacidad<\/a>.<\/p>\t\t\t\t\t\t\t\t<\/div>\n\t\t\t\t<\/div>\n\t\t\t\t\t<\/div>\n\t\t\t\t<\/div>\n\t\t\t\t<\/div>","protected":false},"excerpt":{"rendered":"<p>Last updated: June 30, 2025 At Animaloos, we use cookies to improve your browsing experience, analyze site traffic, and personalize content and advertisements. This page explains what cookies are, how we use them, and how you can manage your preferences. 1. What is a cookie? A cookie is a small text file stored on your [&hellip;]<\/p>\n","protected":false},"author":1,"featured_media":0,"parent":0,"menu_order":5,"comment_status":"closed","ping_status":"closed","template":"elementor_header_footer","meta":{"footnotes":""},"class_list":["post-4582","page","type-page","status-publish","hentry"],"blocksy_meta":[],"yoast_head":"<!-- This site is optimized with the Yoast SEO plugin v27.4 - https:\/\/yoast.com\/product\/yoast-seo-wordpress\/ -->\n<title>Politique de cookies - Animaloos<\/title>\n<meta name=\"robots\" content=\"index, follow, max-snippet:-1, max-image-preview:large, max-video-preview:-1\" \/>\n<link rel=\"canonical\" href=\"https:\/\/animaloos.com\/es\/politica-de-cookies\/?wmc-currency=EUR\" \/>\n<meta property=\"og:locale\" content=\"es_ES\" \/>\n<meta property=\"og:type\" content=\"article\" \/>\n<meta property=\"og:title\" content=\"Politique de cookies - Animaloos\" \/>\n<meta property=\"og:description\" content=\"Last updated: June 30, 2025 At Animaloos, we use cookies to improve your browsing experience, analyze site traffic, and personalize content and advertisements. This page explains what cookies are, how we use them, and how you can manage your preferences. 1. What is a cookie? A cookie is a small text file stored on your [&hellip;]\" \/>\n<meta property=\"og:url\" content=\"https:\/\/animaloos.com\/es\/politica-de-cookies\/?wmc-currency=EUR\" \/>\n<meta property=\"og:site_name\" content=\"Animaloos\" \/>\n<meta property=\"article:modified_time\" content=\"2025-07-10T13:44:55+00:00\" \/>\n<meta name=\"twitter:card\" content=\"summary_large_image\" \/>\n<meta name=\"twitter:label1\" content=\"Tiempo de lectura\" \/>\n\t<meta name=\"twitter:data1\" content=\"3 minutos\" \/>\n<script type=\"application\/ld+json\" class=\"yoast-schema-graph\">{\"@context\":\"https:\\\/\\\/schema.org\",\"@graph\":[{\"@type\":\"WebPage\",\"@id\":\"https:\\\/\\\/animaloos.com\\\/politique-de-cookies\\\/\",\"url\":\"https:\\\/\\\/animaloos.com\\\/politique-de-cookies\\\/\",\"name\":\"Politique de cookies - Animaloos\",\"isPartOf\":{\"@id\":\"https:\\\/\\\/animaloos.com\\\/#website\"},\"datePublished\":\"2025-07-10T13:39:51+00:00\",\"dateModified\":\"2025-07-10T13:44:55+00:00\",\"breadcrumb\":{\"@id\":\"https:\\\/\\\/animaloos.com\\\/politique-de-cookies\\\/#breadcrumb\"},\"inLanguage\":\"es\",\"potentialAction\":[{\"@type\":\"ReadAction\",\"target\":[\"https:\\\/\\\/animaloos.com\\\/politique-de-cookies\\\/\"]}]},{\"@type\":\"BreadcrumbList\",\"@id\":\"https:\\\/\\\/animaloos.com\\\/politique-de-cookies\\\/#breadcrumb\",\"itemListElement\":[{\"@type\":\"ListItem\",\"position\":1,\"name\":\"Accueil\",\"item\":\"https:\\\/\\\/animaloos.com\\\/\"},{\"@type\":\"ListItem\",\"position\":2,\"name\":\"Politique de cookies\"}]},{\"@type\":\"WebSite\",\"@id\":\"https:\\\/\\\/animaloos.com\\\/#website\",\"url\":\"https:\\\/\\\/animaloos.com\\\/\",\"name\":\"Animaloos\",\"description\":\"\",\"potentialAction\":[{\"@type\":\"SearchAction\",\"target\":{\"@type\":\"EntryPoint\",\"urlTemplate\":\"https:\\\/\\\/animaloos.com\\\/?s={search_term_string}\"},\"query-input\":{\"@type\":\"PropertyValueSpecification\",\"valueRequired\":true,\"valueName\":\"search_term_string\"}}],\"inLanguage\":\"es\"}]}<\/script>\n<!-- \/ Yoast SEO plugin. -->","yoast_head_json":{"title":"Pol\u00edtica de cookies - Animaloos","robots":{"index":"index","follow":"follow","max-snippet":"max-snippet:-1","max-image-preview":"max-image-preview:large","max-video-preview":"max-video-preview:-1"},"canonical":"https:\/\/animaloos.com\/es\/politica-de-cookies\/?wmc-currency=EUR","og_locale":"es_ES","og_type":"article","og_title":"Politique de cookies - Animaloos","og_description":"Last updated: June 30, 2025 At Animaloos, we use cookies to improve your browsing experience, analyze site traffic, and personalize content and advertisements. This page explains what cookies are, how we use them, and how you can manage your preferences. 1. What is a cookie? A cookie is a small text file stored on your [&hellip;]","og_url":"https:\/\/animaloos.com\/es\/politica-de-cookies\/?wmc-currency=EUR","og_site_name":"Animaloos","article_modified_time":"2025-07-10T13:44:55+00:00","twitter_card":"summary_large_image","twitter_misc":{"Tiempo de lectura":"3 minutos"},"schema":{"@context":"https:\/\/schema.org","@graph":[{"@type":"WebPage","@id":"https:\/\/animaloos.com\/politique-de-cookies\/","url":"https:\/\/animaloos.com\/politique-de-cookies\/","name":"Pol\u00edtica de cookies - Animaloos","isPartOf":{"@id":"https:\/\/animaloos.com\/#website"},"datePublished":"2025-07-10T13:39:51+00:00","dateModified":"2025-07-10T13:44:55+00:00","breadcrumb":{"@id":"https:\/\/animaloos.com\/politique-de-cookies\/#breadcrumb"},"inLanguage":"es","potentialAction":[{"@type":"ReadAction","target":["https:\/\/animaloos.com\/politique-de-cookies\/"]}]},{"@type":"BreadcrumbList","@id":"https:\/\/animaloos.com\/politique-de-cookies\/#breadcrumb","itemListElement":[{"@type":"ListItem","position":1,"name":"Accueil","item":"https:\/\/animaloos.com\/"},{"@type":"ListItem","position":2,"name":"Politique de cookies"}]},{"@type":"WebSite","@id":"https:\/\/animaloos.com\/#website","url":"https:\/\/animaloos.com\/","name":"Animaloos","description":"","potentialAction":[{"@type":"SearchAction","target":{"@type":"EntryPoint","urlTemplate":"https:\/\/animaloos.com\/?s={search_term_string}"},"query-input":{"@type":"PropertyValueSpecification","valueRequired":true,"valueName":"search_term_string"}}],"inLanguage":"es"}]}},"_links":{"self":[{"href":"https:\/\/animaloos.com\/es\/wp-json\/wp\/v2\/pages\/4582","targetHints":{"allow":["GET"]}}],"collection":[{"href":"https:\/\/animaloos.com\/es\/wp-json\/wp\/v2\/pages"}],"about":[{"href":"https:\/\/animaloos.com\/es\/wp-json\/wp\/v2\/types\/page"}],"author":[{"embeddable":true,"href":"https:\/\/animaloos.com\/es\/wp-json\/wp\/v2\/users\/1"}],"replies":[{"embeddable":true,"href":"https:\/\/animaloos.com\/es\/wp-json\/wp\/v2\/comments?post=4582"}],"version-history":[{"count":3,"href":"https:\/\/animaloos.com\/es\/wp-json\/wp\/v2\/pages\/4582\/revisions"}],"predecessor-version":[{"id":4588,"href":"https:\/\/animaloos.com\/es\/wp-json\/wp\/v2\/pages\/4582\/revisions\/4588"}],"wp:attachment":[{"href":"https:\/\/animaloos.com\/es\/wp-json\/wp\/v2\/media?parent=4582"}],"curies":[{"name":"wp","href":"https:\/\/api.w.org\/{rel}","templated":true}]}}