{"id":186,"date":"2025-03-02T13:23:57","date_gmt":"2025-03-02T12:23:57","guid":{"rendered":"https:\/\/animaloos.yohanndeprez.com\/?page_id=186"},"modified":"2025-10-14T13:32:33","modified_gmt":"2025-10-14T11:32:33","slug":"informacion-legal","status":"publish","type":"page","link":"https:\/\/animaloos.com\/es\/mentions-legales\/","title":{"rendered":"Informaci\u00f3n jur\u00eddica"},"content":{"rendered":"<div data-elementor-type=\"wp-page\" data-elementor-id=\"186\" class=\"elementor elementor-186\" data-elementor-post-type=\"page\">\n\t\t\t\t<div class=\"elementor-element elementor-element-5e25b9b e-flex e-con-boxed e-con e-parent\" data-id=\"5e25b9b\" data-element_type=\"container\" data-e-type=\"container\">\n\t\t\t\t\t<div class=\"e-con-inner\">\n\t\t\t\t<div class=\"elementor-element elementor-element-a1e34b3 elementor-widget elementor-widget-heading\" data-id=\"a1e34b3\" data-element_type=\"widget\" data-e-type=\"widget\" data-widget_type=\"heading.default\">\n\t\t\t\t<div class=\"elementor-widget-container\">\n\t\t\t\t\t<h1 class=\"elementor-heading-title elementor-size-default\">Informaci\u00f3n jur\u00eddica<\/h1>\t\t\t\t<\/div>\n\t\t\t\t<\/div>\n\t\t\t\t<div class=\"elementor-element elementor-element-96a434d elementor-widget elementor-widget-text-editor\" data-id=\"96a434d\" data-element_type=\"widget\" data-e-type=\"widget\" data-widget_type=\"text-editor.default\">\n\t\t\t\t<div class=\"elementor-widget-container\">\n\t\t\t\t\t<style>.elementor-element-96a434d{display:none !important}<\/style>\t\t\t\t<\/div>\n\t\t\t\t<\/div>\n\t\t\t\t<div class=\"elementor-element elementor-element-8a20880 elementor-widget elementor-widget-text-editor\" data-id=\"8a20880\" data-element_type=\"widget\" data-e-type=\"widget\" data-widget_type=\"text-editor.default\">\n\t\t\t\t<div class=\"elementor-widget-container\">\n\t\t\t\t\t\t\t\t\t<p><span style=\"color: #333333;\">El sitio web <a href=\"https:\/\/animaloos.com\/es\/?wmc-currency=EUR\">www.animaloos.com<\/a> (en adelante, \"el sitio\") est\u00e1 gestionado por:<br \/><br \/><b>CARAMBOULE<\/b>, sociedad por acciones simplificada (SAS) con un capital de 15.000 euros, inscrita en el Registro Mercantil de La Roche-sur-Yon con el n\u00famero <b>893 932 756<\/b>, y con sede social en <b>4 impasse de la Gobeti\u00e8re, 85300 Challans, Francia<\/b>.<br \/><br \/><b>Alojamiento web<\/b><br \/><br \/>El alojamiento del sitio web est\u00e1 proporcionado por:<br \/><b>IONOS<\/b>sociedad francesa de responsabilidad limitada (SARL) con un capital de 100.000 EUR, situada en <b>7, place de la Gare, BP 70109, 57200 Sarreguemines Cedex, Francia<\/b>registrada con el n\u00famero RCS B 431 303 775.<br \/><br \/><b>Seguridad de los datos<\/b><br \/><br \/>Aplicamos diversas medidas para proteger los datos personales enviados por los usuarios y evitar cualquier acceso, uso o divulgaci\u00f3n no autorizados.<br \/><br \/>Los datos electr\u00f3nicos y las bases de datos est\u00e1n alojados en servidores seguros a los que solo nosotros tenemos acceso.<br \/><br \/>Sin embargo, no podemos garantizar una seguridad absoluta en la red de Internet o en cualquier comunicaci\u00f3n en l\u00ednea.<br \/><br \/><b>Limitaci\u00f3n de responsabilidad<\/b><br \/><br \/>No nos responsabilizamos:<br \/><br \/>- de cualquier interrupci\u00f3n del sitio web;<br \/>- de errores, fallos o \"bugs\";<br \/>- de imprecisiones u omisiones en la informaci\u00f3n disponible en el sitio;<br \/>- de los da\u00f1os resultantes de una intrusi\u00f3n fraudulenta por parte de terceros que modifiquen la informaci\u00f3n publicada en el sitio;<br \/>- ni de ning\u00fan da\u00f1o directo o indirecto, cualquiera que sea su causa, origen, naturaleza o consecuencias, incluidos, pero no limitados a, los costes que puedan derivarse de la adquisici\u00f3n de bienes ofrecidos en el sitio o de la imposibilidad de acceder al mismo.<br \/><br \/><b>Condiciones generales de venta<\/b><br \/><br \/>Recordamos que nuestras <b>Condiciones Generales de Venta<\/b> est\u00e1n disponibles en todo momento durante la navegaci\u00f3n, mediante los enlaces \"Condiciones Generales de Venta\" o \"Aviso legal\" al pie de cada p\u00e1gina del sitio.<br \/><br \/><b>Resoluci\u00f3n de litigios en l\u00ednea<\/b><br \/><br \/>Acceda a la plataforma de resoluci\u00f3n de litigios en l\u00ednea de la Comisi\u00f3n Europea:<br \/><a href=\"http:\/\/ec.europa.eu\/odr\">http:\/\/ec.europa.eu\/odr<\/a><br \/><\/span><\/p>\t\t\t\t\t\t\t\t<\/div>\n\t\t\t\t<\/div>\n\t\t\t\t<div class=\"elementor-element elementor-element-e2df9f3 elementor-widget elementor-widget-text-editor\" data-id=\"e2df9f3\" data-element_type=\"widget\" data-e-type=\"widget\" data-widget_type=\"text-editor.default\">\n\t\t\t\t<div class=\"elementor-widget-container\">\n\t\t\t\t\t<style>.elementor-element-e2df9f3{display:none !important}<\/style>\t\t\t\t<\/div>\n\t\t\t\t<\/div>\n\t\t\t\t<div class=\"elementor-element elementor-element-fd284be elementor-widget elementor-widget-text-editor\" data-id=\"fd284be\" data-element_type=\"widget\" data-e-type=\"widget\" data-widget_type=\"text-editor.default\">\n\t\t\t\t<div class=\"elementor-widget-container\">\n\t\t\t\t\t<style>.elementor-element-fd284be{display:none !important}<\/style>\t\t\t\t<\/div>\n\t\t\t\t<\/div>\n\t\t\t\t<div class=\"elementor-element elementor-element-5043441 elementor-widget elementor-widget-text-editor\" data-id=\"5043441\" data-element_type=\"widget\" data-e-type=\"widget\" data-widget_type=\"text-editor.default\">\n\t\t\t\t<div class=\"elementor-widget-container\">\n\t\t\t\t\t<style>.elementor-element-5043441{display:none !important}<\/style>\t\t\t\t<\/div>\n\t\t\t\t<\/div>\n\t\t\t\t<div class=\"elementor-element elementor-element-d91cebd elementor-widget elementor-widget-text-editor\" data-id=\"d91cebd\" data-element_type=\"widget\" data-e-type=\"widget\" data-widget_type=\"text-editor.default\">\n\t\t\t\t<div class=\"elementor-widget-container\">\n\t\t\t\t\t<style>.elementor-element-d91cebd{display:none !important}<\/style>\t\t\t\t<\/div>\n\t\t\t\t<\/div>\n\t\t\t\t\t<\/div>\n\t\t\t\t<\/div>\n\t\t\t\t<\/div>","protected":false},"excerpt":{"rendered":"<p>Il sito web www.animaloos.com (di seguito \u201cil sito\u201d) \u00e8 gestito da: CARAMBOULE, societ\u00e0 per azioni semplificata (SAS) con capitale di 15.000 euro, iscritta al Registro delle Imprese di La Roche-sur-Yon con il numero 893 932 756, con sede legale in 4 impasse de la Gobeti\u00e8re, 85300 Challans, Francia. Hosting del sito Il sito \u00e8 ospitato [&hellip;]<\/p>\n","protected":false},"author":1,"featured_media":0,"parent":0,"menu_order":13,"comment_status":"closed","ping_status":"closed","template":"elementor_header_footer","meta":{"footnotes":""},"class_list":["post-186","page","type-page","status-publish","hentry"],"blocksy_meta":[],"yoast_head":"<!-- This site is optimized with the Yoast SEO plugin v27.4 - https:\/\/yoast.com\/product\/yoast-seo-wordpress\/ -->\n<title>Mentions l\u00e9gales - Animaloos<\/title>\n<meta name=\"robots\" content=\"index, follow, max-snippet:-1, max-image-preview:large, max-video-preview:-1\" \/>\n<link rel=\"canonical\" href=\"https:\/\/animaloos.com\/es\/informacion-legal\/?wmc-currency=EUR\" \/>\n<meta property=\"og:locale\" content=\"es_ES\" \/>\n<meta property=\"og:type\" content=\"article\" \/>\n<meta property=\"og:title\" content=\"Mentions l\u00e9gales - Animaloos\" \/>\n<meta property=\"og:description\" content=\"Il sito web www.animaloos.com (di seguito \u201cil sito\u201d) \u00e8 gestito da: CARAMBOULE, societ\u00e0 per azioni semplificata (SAS) con capitale di 15.000 euro, iscritta al Registro delle Imprese di La Roche-sur-Yon con il numero 893 932 756, con sede legale in 4 impasse de la Gobeti\u00e8re, 85300 Challans, Francia. Hosting del sito Il sito \u00e8 ospitato [&hellip;]\" \/>\n<meta property=\"og:url\" content=\"https:\/\/animaloos.com\/es\/informacion-legal\/?wmc-currency=EUR\" \/>\n<meta property=\"og:site_name\" content=\"Animaloos\" \/>\n<meta property=\"article:modified_time\" content=\"2025-10-14T11:32:33+00:00\" \/>\n<meta name=\"twitter:card\" content=\"summary_large_image\" \/>\n<meta name=\"twitter:label1\" content=\"Tiempo de lectura\" \/>\n\t<meta name=\"twitter:data1\" content=\"9 minutos\" \/>\n<script type=\"application\/ld+json\" class=\"yoast-schema-graph\">{\"@context\":\"https:\\\/\\\/schema.org\",\"@graph\":[{\"@type\":\"WebPage\",\"@id\":\"https:\\\/\\\/animaloos.com\\\/mentions-legales\\\/\",\"url\":\"https:\\\/\\\/animaloos.com\\\/mentions-legales\\\/\",\"name\":\"Mentions l\u00e9gales - Animaloos\",\"isPartOf\":{\"@id\":\"https:\\\/\\\/animaloos.com\\\/#website\"},\"datePublished\":\"2025-03-02T12:23:57+00:00\",\"dateModified\":\"2025-10-14T11:32:33+00:00\",\"breadcrumb\":{\"@id\":\"https:\\\/\\\/animaloos.com\\\/mentions-legales\\\/#breadcrumb\"},\"inLanguage\":\"es\",\"potentialAction\":[{\"@type\":\"ReadAction\",\"target\":[\"https:\\\/\\\/animaloos.com\\\/mentions-legales\\\/\"]}]},{\"@type\":\"BreadcrumbList\",\"@id\":\"https:\\\/\\\/animaloos.com\\\/mentions-legales\\\/#breadcrumb\",\"itemListElement\":[{\"@type\":\"ListItem\",\"position\":1,\"name\":\"Accueil\",\"item\":\"https:\\\/\\\/animaloos.com\\\/\"},{\"@type\":\"ListItem\",\"position\":2,\"name\":\"Mentions l\u00e9gales\"}]},{\"@type\":\"WebSite\",\"@id\":\"https:\\\/\\\/animaloos.com\\\/#website\",\"url\":\"https:\\\/\\\/animaloos.com\\\/\",\"name\":\"Animaloos\",\"description\":\"\",\"potentialAction\":[{\"@type\":\"SearchAction\",\"target\":{\"@type\":\"EntryPoint\",\"urlTemplate\":\"https:\\\/\\\/animaloos.com\\\/?s={search_term_string}\"},\"query-input\":{\"@type\":\"PropertyValueSpecification\",\"valueRequired\":true,\"valueName\":\"search_term_string\"}}],\"inLanguage\":\"es\"}]}<\/script>\n<!-- \/ Yoast SEO plugin. -->","yoast_head_json":{"title":"Informaci\u00f3n jur\u00eddica - Animaloos","robots":{"index":"index","follow":"follow","max-snippet":"max-snippet:-1","max-image-preview":"max-image-preview:large","max-video-preview":"max-video-preview:-1"},"canonical":"https:\/\/animaloos.com\/es\/informacion-legal\/?wmc-currency=EUR","og_locale":"es_ES","og_type":"article","og_title":"Mentions l\u00e9gales - Animaloos","og_description":"Il sito web www.animaloos.com (di seguito \u201cil sito\u201d) \u00e8 gestito da: CARAMBOULE, societ\u00e0 per azioni semplificata (SAS) con capitale di 15.000 euro, iscritta al Registro delle Imprese di La Roche-sur-Yon con il numero 893 932 756, con sede legale in 4 impasse de la Gobeti\u00e8re, 85300 Challans, Francia. Hosting del sito Il sito \u00e8 ospitato [&hellip;]","og_url":"https:\/\/animaloos.com\/es\/informacion-legal\/?wmc-currency=EUR","og_site_name":"Animaloos","article_modified_time":"2025-10-14T11:32:33+00:00","twitter_card":"summary_large_image","twitter_misc":{"Tiempo de lectura":"9 minutos"},"schema":{"@context":"https:\/\/schema.org","@graph":[{"@type":"WebPage","@id":"https:\/\/animaloos.com\/mentions-legales\/","url":"https:\/\/animaloos.com\/mentions-legales\/","name":"Informaci\u00f3n jur\u00eddica - Animaloos","isPartOf":{"@id":"https:\/\/animaloos.com\/#website"},"datePublished":"2025-03-02T12:23:57+00:00","dateModified":"2025-10-14T11:32:33+00:00","breadcrumb":{"@id":"https:\/\/animaloos.com\/mentions-legales\/#breadcrumb"},"inLanguage":"es","potentialAction":[{"@type":"ReadAction","target":["https:\/\/animaloos.com\/mentions-legales\/"]}]},{"@type":"BreadcrumbList","@id":"https:\/\/animaloos.com\/mentions-legales\/#breadcrumb","itemListElement":[{"@type":"ListItem","position":1,"name":"Accueil","item":"https:\/\/animaloos.com\/"},{"@type":"ListItem","position":2,"name":"Mentions l\u00e9gales"}]},{"@type":"WebSite","@id":"https:\/\/animaloos.com\/#website","url":"https:\/\/animaloos.com\/","name":"Animaloos","description":"","potentialAction":[{"@type":"SearchAction","target":{"@type":"EntryPoint","urlTemplate":"https:\/\/animaloos.com\/?s={search_term_string}"},"query-input":{"@type":"PropertyValueSpecification","valueRequired":true,"valueName":"search_term_string"}}],"inLanguage":"es"}]}},"_links":{"self":[{"href":"https:\/\/animaloos.com\/es\/wp-json\/wp\/v2\/pages\/186","targetHints":{"allow":["GET"]}}],"collection":[{"href":"https:\/\/animaloos.com\/es\/wp-json\/wp\/v2\/pages"}],"about":[{"href":"https:\/\/animaloos.com\/es\/wp-json\/wp\/v2\/types\/page"}],"author":[{"embeddable":true,"href":"https:\/\/animaloos.com\/es\/wp-json\/wp\/v2\/users\/1"}],"replies":[{"embeddable":true,"href":"https:\/\/animaloos.com\/es\/wp-json\/wp\/v2\/comments?post=186"}],"version-history":[{"count":15,"href":"https:\/\/animaloos.com\/es\/wp-json\/wp\/v2\/pages\/186\/revisions"}],"predecessor-version":[{"id":7461,"href":"https:\/\/animaloos.com\/es\/wp-json\/wp\/v2\/pages\/186\/revisions\/7461"}],"wp:attachment":[{"href":"https:\/\/animaloos.com\/es\/wp-json\/wp\/v2\/media?parent=186"}],"curies":[{"name":"wp","href":"https:\/\/api.w.org\/{rel}","templated":true}]}}