{"id":185,"date":"2025-03-02T13:23:50","date_gmt":"2025-03-02T12:23:50","guid":{"rendered":"https:\/\/animaloos.yohanndeprez.com\/?page_id=185"},"modified":"2025-10-14T13:28:35","modified_gmt":"2025-10-14T11:28:35","slug":"privacy-policy","status":"publish","type":"page","link":"https:\/\/animaloos.com\/en\/politique-de-confidentialite\/","title":{"rendered":"Privacy policy"},"content":{"rendered":"<div data-elementor-type=\"wp-page\" data-elementor-id=\"185\" class=\"elementor elementor-185\" data-elementor-post-type=\"page\">\n\t\t\t\t<div class=\"elementor-element elementor-element-22a50fe e-flex e-con-boxed e-con e-parent\" data-id=\"22a50fe\" data-element_type=\"container\" data-e-type=\"container\">\n\t\t\t\t\t<div class=\"e-con-inner\">\n\t\t\t\t<div class=\"elementor-element elementor-element-3be2e8b elementor-widget elementor-widget-heading\" data-id=\"3be2e8b\" data-element_type=\"widget\" data-e-type=\"widget\" data-widget_type=\"heading.default\">\n\t\t\t\t<div class=\"elementor-widget-container\">\n\t\t\t\t\t<h1 class=\"elementor-heading-title elementor-size-default\">Privacy policy<\/h1>\t\t\t\t<\/div>\n\t\t\t\t<\/div>\n\t\t\t\t<div class=\"elementor-element elementor-element-5376869 elementor-widget elementor-widget-text-editor\" data-id=\"5376869\" data-element_type=\"widget\" data-e-type=\"widget\" data-widget_type=\"text-editor.default\">\n\t\t\t\t<div class=\"elementor-widget-container\">\n\t\t\t\t\t<style>.elementor-element-5376869{display:none !important}<\/style>\t\t\t\t<\/div>\n\t\t\t\t<\/div>\n\t\t\t\t<div class=\"elementor-element elementor-element-8fc8043 elementor-widget elementor-widget-text-editor\" data-id=\"8fc8043\" data-element_type=\"widget\" data-e-type=\"widget\" data-widget_type=\"text-editor.default\">\n\t\t\t\t<div class=\"elementor-widget-container\">\n\t\t\t\t\t\t\t\t\t<p><span style=\"color: #333333;\"><b>1. Personal Information We Collect<\/b><br \/>When you make a purchase from Animaloos, we collect personal information such as your name, address, and email address as part of the buying and selling process.<br \/><br \/>When you browse our website, we also automatically receive your computer's IP address to help us learn about your browser and operating system.<br \/><br \/><b>Email Marketing (if applicable):<\/b> With your permission, we may send you emails about our store, new products, and updates.<br \/><br \/><b>2. Consent<\/b><br \/><b>How do you get my consent?<\/b><br \/>When you provide personal information to complete a transaction (e.g. placing an order or arranging delivery), we assume your consent to collect and use your information for that purpose only.<br \/><br \/>If we ask for your information for any other reason (e.g. marketing), we will ask for your explicit consent or provide a clear opt-out.<br \/><br \/><b>How do I withdraw my consent?<\/b><br \/>You can withdraw your consent at any time by contacting us at <a href=\"mailto:contact@animaloos.com\"><b>contact@animaloos.com<\/b><\/a>.<br \/><br \/><b>3. Disclosure<\/b><br \/>We may disclose your personal information if required by law or if you violate our Terms of Sale and Use.<br \/><br \/><b>4. Hosting (IONOS)<\/b><br \/>Our store is hosted on <a href=\"\/en\/IONOS.com\/?wmc-currency=GBP\"><b>IONOS.com<\/b><\/a>which stores your data securely behind a firewall.<br \/><br \/><b>Payments:<\/b> If you use a direct payment gateway, IONOS securely stores your credit card data in compliance with PCI-DSS standards.<br \/><br \/>For more details, refer to <b>IONOS's Privacy Policy<\/b>.<br \/><br \/><b>5. Third-Party Services<\/b><br \/>Third-party providers (e.g. payment processors) will only collect and use your information as needed to perform their services.<br \/><br \/>We recommend reviewing their privacy policies to understand how your data is handled.<br \/><br \/><b>6. Security<\/b><br \/>We take reasonable precautions and follow industry best practices to ensure your data is not lost, misused, accessed, disclosed, altered, or destroyed.<br \/><br \/>If you provide credit card information, it is encrypted using SSL and stored with AES-256 encryption.<br \/><br \/><b>7. Age of Consent<\/b><br \/>By using this site, you confirm that you are of legal age in your country or state of residence, or that you have given us consent to allow any minor in your care to use this site.<br \/><br \/><b>8. Changes to This Privacy Policy<\/b><br \/>We reserve the right to modify this policy at any time. Please review it regularly.<br \/><br \/>If Animaloos is acquired or merged with another company, your data may be transferred to the new owners.<br \/><br \/><b>Contact<\/b><br \/>To access, correct, or delete any personal data we hold about you, or for more information, contact us at:<br \/>\ud83d\udce7 <a href=\"mailto:contact@animaloos.com\"><b>contact@animaloos.com<\/b><\/a><br \/><\/span><\/p>\t\t\t\t\t\t\t\t<\/div>\n\t\t\t\t<\/div>\n\t\t\t\t<div class=\"elementor-element elementor-element-47ab234 elementor-widget elementor-widget-text-editor\" data-id=\"47ab234\" data-element_type=\"widget\" data-e-type=\"widget\" data-widget_type=\"text-editor.default\">\n\t\t\t\t<div class=\"elementor-widget-container\">\n\t\t\t\t\t<style>.elementor-element-47ab234{display:none !important}<\/style>\t\t\t\t<\/div>\n\t\t\t\t<\/div>\n\t\t\t\t<div class=\"elementor-element elementor-element-d9bb072 elementor-widget elementor-widget-text-editor\" data-id=\"d9bb072\" data-element_type=\"widget\" data-e-type=\"widget\" data-widget_type=\"text-editor.default\">\n\t\t\t\t<div class=\"elementor-widget-container\">\n\t\t\t\t\t<style>.elementor-element-d9bb072{display:none !important}<\/style>\t\t\t\t<\/div>\n\t\t\t\t<\/div>\n\t\t\t\t<div class=\"elementor-element elementor-element-6ee6351 elementor-widget elementor-widget-text-editor\" data-id=\"6ee6351\" data-element_type=\"widget\" data-e-type=\"widget\" data-widget_type=\"text-editor.default\">\n\t\t\t\t<div class=\"elementor-widget-container\">\n\t\t\t\t\t<style>.elementor-element-6ee6351{display:none !important}<\/style>\t\t\t\t<\/div>\n\t\t\t\t<\/div>\n\t\t\t\t<div class=\"elementor-element elementor-element-eaa8e28 elementor-widget elementor-widget-text-editor\" data-id=\"eaa8e28\" data-element_type=\"widget\" data-e-type=\"widget\" data-widget_type=\"text-editor.default\">\n\t\t\t\t<div class=\"elementor-widget-container\">\n\t\t\t\t\t<style>.elementor-element-eaa8e28{display:none !important}<\/style>\t\t\t\t<\/div>\n\t\t\t\t<\/div>\n\t\t\t\t\t<\/div>\n\t\t\t\t<\/div>\n\t\t\t\t<\/div>","protected":false},"excerpt":{"rendered":"<p>1. Donn\u00e9es collect\u00e9es Lorsque vous effectuez un achat sur le site Animaloos, nous recueillons certaines donn\u00e9es personnelles n\u00e9cessaires \u00e0 la commande : nom, adresse, e-mail et informations de livraison. Lors de votre navigation, nous collectons \u00e9galement votre adresse IP, afin d\u2019optimiser votre exp\u00e9rience utilisateur et de s\u00e9curiser nos services (ex : d\u00e9tection de fraude). Avec [&hellip;]<\/p>\n","protected":false},"author":1,"featured_media":0,"parent":0,"menu_order":17,"comment_status":"closed","ping_status":"closed","template":"elementor_header_footer","meta":{"footnotes":""},"class_list":["post-185","page","type-page","status-publish","hentry"],"blocksy_meta":[],"yoast_head":"<!-- This site is optimized with the Yoast SEO plugin v27.4 - https:\/\/yoast.com\/product\/yoast-seo-wordpress\/ -->\n<title>Politique de confidentialit\u00e9 - Animaloos<\/title>\n<meta name=\"robots\" content=\"index, follow, max-snippet:-1, max-image-preview:large, max-video-preview:-1\" \/>\n<link rel=\"canonical\" href=\"https:\/\/animaloos.com\/en\/privacy-policy\/?wmc-currency=GBP\" \/>\n<meta property=\"og:locale\" content=\"en_GB\" \/>\n<meta property=\"og:type\" content=\"article\" \/>\n<meta property=\"og:title\" content=\"Politique de confidentialit\u00e9 - Animaloos\" \/>\n<meta property=\"og:description\" content=\"1. Donn\u00e9es collect\u00e9es Lorsque vous effectuez un achat sur le site Animaloos, nous recueillons certaines donn\u00e9es personnelles n\u00e9cessaires \u00e0 la commande : nom, adresse, e-mail et informations de livraison. Lors de votre navigation, nous collectons \u00e9galement votre adresse IP, afin d\u2019optimiser votre exp\u00e9rience utilisateur et de s\u00e9curiser nos services (ex : d\u00e9tection de fraude). Avec [&hellip;]\" \/>\n<meta property=\"og:url\" content=\"https:\/\/animaloos.com\/en\/privacy-policy\/?wmc-currency=GBP\" \/>\n<meta property=\"og:site_name\" content=\"Animaloos\" \/>\n<meta property=\"article:modified_time\" content=\"2025-10-14T11:28:35+00:00\" \/>\n<meta name=\"twitter:card\" content=\"summary_large_image\" \/>\n<meta name=\"twitter:label1\" content=\"Estimated reading time\" \/>\n\t<meta name=\"twitter:data1\" content=\"14 minutes\" \/>\n<script type=\"application\/ld+json\" class=\"yoast-schema-graph\">{\"@context\":\"https:\\\/\\\/schema.org\",\"@graph\":[{\"@type\":\"WebPage\",\"@id\":\"https:\\\/\\\/animaloos.com\\\/politique-de-confidentialite\\\/\",\"url\":\"https:\\\/\\\/animaloos.com\\\/politique-de-confidentialite\\\/\",\"name\":\"Politique de confidentialit\u00e9 - Animaloos\",\"isPartOf\":{\"@id\":\"https:\\\/\\\/animaloos.com\\\/#website\"},\"datePublished\":\"2025-03-02T12:23:50+00:00\",\"dateModified\":\"2025-10-14T11:28:35+00:00\",\"breadcrumb\":{\"@id\":\"https:\\\/\\\/animaloos.com\\\/politique-de-confidentialite\\\/#breadcrumb\"},\"inLanguage\":\"en-GB\",\"potentialAction\":[{\"@type\":\"ReadAction\",\"target\":[\"https:\\\/\\\/animaloos.com\\\/politique-de-confidentialite\\\/\"]}]},{\"@type\":\"BreadcrumbList\",\"@id\":\"https:\\\/\\\/animaloos.com\\\/politique-de-confidentialite\\\/#breadcrumb\",\"itemListElement\":[{\"@type\":\"ListItem\",\"position\":1,\"name\":\"Accueil\",\"item\":\"https:\\\/\\\/animaloos.com\\\/\"},{\"@type\":\"ListItem\",\"position\":2,\"name\":\"Politique de confidentialit\u00e9\"}]},{\"@type\":\"WebSite\",\"@id\":\"https:\\\/\\\/animaloos.com\\\/#website\",\"url\":\"https:\\\/\\\/animaloos.com\\\/\",\"name\":\"Animaloos\",\"description\":\"\",\"potentialAction\":[{\"@type\":\"SearchAction\",\"target\":{\"@type\":\"EntryPoint\",\"urlTemplate\":\"https:\\\/\\\/animaloos.com\\\/?s={search_term_string}\"},\"query-input\":{\"@type\":\"PropertyValueSpecification\",\"valueRequired\":true,\"valueName\":\"search_term_string\"}}],\"inLanguage\":\"en-GB\"}]}<\/script>\n<!-- \/ Yoast SEO plugin. -->","yoast_head_json":{"title":"Privacy policy - Animaloos","robots":{"index":"index","follow":"follow","max-snippet":"max-snippet:-1","max-image-preview":"max-image-preview:large","max-video-preview":"max-video-preview:-1"},"canonical":"https:\/\/animaloos.com\/en\/privacy-policy\/?wmc-currency=GBP","og_locale":"en_GB","og_type":"article","og_title":"Politique de confidentialit\u00e9 - Animaloos","og_description":"1. Donn\u00e9es collect\u00e9es Lorsque vous effectuez un achat sur le site Animaloos, nous recueillons certaines donn\u00e9es personnelles n\u00e9cessaires \u00e0 la commande : nom, adresse, e-mail et informations de livraison. Lors de votre navigation, nous collectons \u00e9galement votre adresse IP, afin d\u2019optimiser votre exp\u00e9rience utilisateur et de s\u00e9curiser nos services (ex : d\u00e9tection de fraude). Avec [&hellip;]","og_url":"https:\/\/animaloos.com\/en\/privacy-policy\/?wmc-currency=GBP","og_site_name":"Animaloos","article_modified_time":"2025-10-14T11:28:35+00:00","twitter_card":"summary_large_image","twitter_misc":{"Estimated reading time":"14 minutes"},"schema":{"@context":"https:\/\/schema.org","@graph":[{"@type":"WebPage","@id":"https:\/\/animaloos.com\/politique-de-confidentialite\/","url":"https:\/\/animaloos.com\/politique-de-confidentialite\/","name":"Privacy policy - Animaloos","isPartOf":{"@id":"https:\/\/animaloos.com\/#website"},"datePublished":"2025-03-02T12:23:50+00:00","dateModified":"2025-10-14T11:28:35+00:00","breadcrumb":{"@id":"https:\/\/animaloos.com\/politique-de-confidentialite\/#breadcrumb"},"inLanguage":"en-GB","potentialAction":[{"@type":"ReadAction","target":["https:\/\/animaloos.com\/politique-de-confidentialite\/"]}]},{"@type":"BreadcrumbList","@id":"https:\/\/animaloos.com\/politique-de-confidentialite\/#breadcrumb","itemListElement":[{"@type":"ListItem","position":1,"name":"Accueil","item":"https:\/\/animaloos.com\/"},{"@type":"ListItem","position":2,"name":"Politique de confidentialit\u00e9"}]},{"@type":"WebSite","@id":"https:\/\/animaloos.com\/#website","url":"https:\/\/animaloos.com\/","name":"Edge","description":"","potentialAction":[{"@type":"SearchAction","target":{"@type":"EntryPoint","urlTemplate":"https:\/\/animaloos.com\/?s={search_term_string}"},"query-input":{"@type":"PropertyValueSpecification","valueRequired":true,"valueName":"search_term_string"}}],"inLanguage":"en-GB"}]}},"_links":{"self":[{"href":"https:\/\/animaloos.com\/en\/wp-json\/wp\/v2\/pages\/185","targetHints":{"allow":["GET"]}}],"collection":[{"href":"https:\/\/animaloos.com\/en\/wp-json\/wp\/v2\/pages"}],"about":[{"href":"https:\/\/animaloos.com\/en\/wp-json\/wp\/v2\/types\/page"}],"author":[{"embeddable":true,"href":"https:\/\/animaloos.com\/en\/wp-json\/wp\/v2\/users\/1"}],"replies":[{"embeddable":true,"href":"https:\/\/animaloos.com\/en\/wp-json\/wp\/v2\/comments?post=185"}],"version-history":[{"count":6,"href":"https:\/\/animaloos.com\/en\/wp-json\/wp\/v2\/pages\/185\/revisions"}],"predecessor-version":[{"id":7449,"href":"https:\/\/animaloos.com\/en\/wp-json\/wp\/v2\/pages\/185\/revisions\/7449"}],"wp:attachment":[{"href":"https:\/\/animaloos.com\/en\/wp-json\/wp\/v2\/media?parent=185"}],"curies":[{"name":"wp","href":"https:\/\/api.w.org\/{rel}","templated":true}]}}