{"id":4582,"date":"2025-07-10T15:39:51","date_gmt":"2025-07-10T13:39:51","guid":{"rendered":"https:\/\/animaloos.yohanndeprez.com\/?page_id=4582"},"modified":"2025-07-10T15:44:55","modified_gmt":"2025-07-10T13:44:55","slug":"cookie-richtlinie","status":"publish","type":"page","link":"https:\/\/animaloos.com\/de\/politique-de-cookies\/","title":{"rendered":"Cookie-Richtlinie"},"content":{"rendered":"<div data-elementor-type=\"wp-page\" data-elementor-id=\"4582\" class=\"elementor elementor-4582\" data-elementor-post-type=\"page\">\n\t\t\t\t<div class=\"elementor-element elementor-element-f5b9260 e-flex e-con-boxed e-con e-parent\" data-id=\"f5b9260\" data-element_type=\"container\" data-e-type=\"container\">\n\t\t\t\t\t<div class=\"e-con-inner\">\n\t\t\t\t<div class=\"elementor-element elementor-element-c950ef6 elementor-widget elementor-widget-heading\" data-id=\"c950ef6\" data-element_type=\"widget\" data-e-type=\"widget\" data-widget_type=\"heading.default\">\n\t\t\t\t<div class=\"elementor-widget-container\">\n\t\t\t\t\t<h1 class=\"elementor-heading-title elementor-size-default\">Cookie-Richtlinie<\/h1>\t\t\t\t<\/div>\n\t\t\t\t<\/div>\n\t\t\t\t<div class=\"elementor-element elementor-element-6ff47b8 elementor-widget elementor-widget-text-editor\" data-id=\"6ff47b8\" data-element_type=\"widget\" data-e-type=\"widget\" data-widget_type=\"text-editor.default\">\n\t\t\t\t<div class=\"elementor-widget-container\">\n\t\t\t\t\t<style>.elementor-element-6ff47b8{display:none !important}<\/style>\t\t\t\t<\/div>\n\t\t\t\t<\/div>\n\t\t\t\t<div class=\"elementor-element elementor-element-014960c elementor-widget elementor-widget-text-editor\" data-id=\"014960c\" data-element_type=\"widget\" data-e-type=\"widget\" data-widget_type=\"text-editor.default\">\n\t\t\t\t<div class=\"elementor-widget-container\">\n\t\t\t\t\t\t\t\t\t<p>Letzte Aktualisierung: 10. Juli 2025<\/p><p>Bei ihnen zu <strong>Unterschied<\/strong>Wir verwenden Cookies, um Ihr Surferlebnis zu verbessern, den Datenverkehr auf unserer Website zu analysieren und unsere Inhalte und Werbung zu personalisieren. Auf dieser Seite erfahren Sie, wie wir Cookies verwenden und wie Sie Ihre Einstellungen verwalten k\u00f6nnen.<\/p><hr \/><h3>1. Was ist ein Cookie?<\/h3><p>Ein Cookie ist eine kleine Textdatei, die auf Ihrem Ger\u00e4t (Computer, Tablet, Smartphone) gespeichert wird, wenn Sie eine Website besuchen. Sie erm\u00f6glicht es, bestimmte Informationen \u00fcber Ihr Surfverhalten zu speichern, um Sie bei zuk\u00fcnftigen Besuchen wiederzuerkennen.<\/p><hr \/><h3>2. Welche Arten von Cookies verwenden wir?<\/h3><h4>\ud83d\udd39 Unbedingt notwendige Cookies<\/h4><p>Diese Cookies sind f\u00fcr das Funktionieren der Website unerl\u00e4sslich (z. B. Warenkorb, Sicherheit, Zugang zu Ihrem Konto). Sie k\u00f6nnen nicht deaktiviert werden.<\/p><h4>\ud83d\udd39 Statistische Cookies<\/h4><p>Sie erm\u00f6glichen es uns, das Publikum der Website (Anzahl der Besuche, Seitenaufrufe, verbrachte Zeit usw.) mithilfe von Tools zu messen, wie zum Beispiel <strong>Google Analytics<\/strong>. Diese Cookies werden nur dann abgelegt, wenn Sie sie akzeptieren.<\/p><h4>\ud83d\udd39 Marketing-Cookies<\/h4><p>Sie werden verwendet, um gezielte Werbung auf der Grundlage Ihrer Surfgewohnheiten anzuzeigen, insbesondere \u00fcber <strong>Meta (Facebook\/Instagram)<\/strong> oder Google Ads. Auch diese Cookies erfordern Ihre Zustimmung.<\/p><hr \/><h3>3. Verwaltung der Pr\u00e4ferenzen<\/h3><p>Bei Ihrem ersten Besuch werden Sie in einem Banner \u00fcber die Verwendung von Cookies informiert. Sie k\u00f6nnen :<\/p><ul><li><p><strong>Alle Cookies akzeptieren<\/strong><\/p><\/li><li><p><strong>Alle nicht-essentiellen Cookies ablehnen<\/strong><\/p><\/li><li><p><strong>Ihre Wahl personalisieren<\/strong><\/p><\/li><\/ul><p>Sie k\u00f6nnen Ihre Zustimmung jederzeit \u00e4ndern, indem Sie auf den Link \"Cookies verwalten\" am Ende jeder Seite der Website klicken.<\/p><hr \/><h3>4. Dauer der Aufbewahrung<\/h3><p>Cookies werden ab dem Zeitpunkt Ihrer Zustimmung f\u00fcr maximal 13 Monate aufbewahrt. Nach Ablauf dieser Frist wird Ihre Zustimmung erneut eingeholt.<\/p><hr \/><h3>5. Mehr dazu<\/h3><p>Weitere Informationen dar\u00fcber, wie wir Ihre pers\u00f6nlichen Daten verarbeiten, finden Sie in unserem <a title=\"#m_-6698865860346914927_\" href=\"about:blank#m_-6698865860346914927_\" rel=\"noopener\" data-toggle=\"tooltip\">Datenschutzrichtlinie<\/a>.<\/p>\t\t\t\t\t\t\t\t<\/div>\n\t\t\t\t<\/div>\n\t\t\t\t\t<\/div>\n\t\t\t\t<\/div>\n\t\t\t\t<\/div>","protected":false},"excerpt":{"rendered":"<p>Last updated: June 30, 2025 At Animaloos, we use cookies to improve your browsing experience, analyze site traffic, and personalize content and advertisements. This page explains what cookies are, how we use them, and how you can manage your preferences. 1. What is a cookie? A cookie is a small text file stored on your [&hellip;]<\/p>\n","protected":false},"author":1,"featured_media":0,"parent":0,"menu_order":5,"comment_status":"closed","ping_status":"closed","template":"elementor_header_footer","meta":{"footnotes":""},"class_list":["post-4582","page","type-page","status-publish","hentry"],"blocksy_meta":[],"yoast_head":"<!-- This site is optimized with the Yoast SEO plugin v27.4 - https:\/\/yoast.com\/product\/yoast-seo-wordpress\/ -->\n<title>Politique de cookies - Animaloos<\/title>\n<meta name=\"robots\" content=\"index, follow, max-snippet:-1, max-image-preview:large, max-video-preview:-1\" \/>\n<link rel=\"canonical\" href=\"https:\/\/animaloos.com\/de\/cookie-richtlinie\/?wmc-currency=EUR\" \/>\n<meta property=\"og:locale\" content=\"de_DE\" \/>\n<meta property=\"og:type\" content=\"article\" \/>\n<meta property=\"og:title\" content=\"Politique de cookies - Animaloos\" \/>\n<meta property=\"og:description\" content=\"Last updated: June 30, 2025 At Animaloos, we use cookies to improve your browsing experience, analyze site traffic, and personalize content and advertisements. This page explains what cookies are, how we use them, and how you can manage your preferences. 1. What is a cookie? A cookie is a small text file stored on your [&hellip;]\" \/>\n<meta property=\"og:url\" content=\"https:\/\/animaloos.com\/de\/cookie-richtlinie\/?wmc-currency=EUR\" \/>\n<meta property=\"og:site_name\" content=\"Animaloos\" \/>\n<meta property=\"article:modified_time\" content=\"2025-07-10T13:44:55+00:00\" \/>\n<meta name=\"twitter:card\" content=\"summary_large_image\" \/>\n<meta name=\"twitter:label1\" content=\"Gesch\u00e4tzte Lesezeit\" \/>\n\t<meta name=\"twitter:data1\" content=\"3\u00a0Minuten\" \/>\n<script type=\"application\/ld+json\" class=\"yoast-schema-graph\">{\"@context\":\"https:\\\/\\\/schema.org\",\"@graph\":[{\"@type\":\"WebPage\",\"@id\":\"https:\\\/\\\/animaloos.com\\\/politique-de-cookies\\\/\",\"url\":\"https:\\\/\\\/animaloos.com\\\/politique-de-cookies\\\/\",\"name\":\"Politique de cookies - Animaloos\",\"isPartOf\":{\"@id\":\"https:\\\/\\\/animaloos.com\\\/#website\"},\"datePublished\":\"2025-07-10T13:39:51+00:00\",\"dateModified\":\"2025-07-10T13:44:55+00:00\",\"breadcrumb\":{\"@id\":\"https:\\\/\\\/animaloos.com\\\/politique-de-cookies\\\/#breadcrumb\"},\"inLanguage\":\"de\",\"potentialAction\":[{\"@type\":\"ReadAction\",\"target\":[\"https:\\\/\\\/animaloos.com\\\/politique-de-cookies\\\/\"]}]},{\"@type\":\"BreadcrumbList\",\"@id\":\"https:\\\/\\\/animaloos.com\\\/politique-de-cookies\\\/#breadcrumb\",\"itemListElement\":[{\"@type\":\"ListItem\",\"position\":1,\"name\":\"Accueil\",\"item\":\"https:\\\/\\\/animaloos.com\\\/\"},{\"@type\":\"ListItem\",\"position\":2,\"name\":\"Politique de cookies\"}]},{\"@type\":\"WebSite\",\"@id\":\"https:\\\/\\\/animaloos.com\\\/#website\",\"url\":\"https:\\\/\\\/animaloos.com\\\/\",\"name\":\"Animaloos\",\"description\":\"\",\"potentialAction\":[{\"@type\":\"SearchAction\",\"target\":{\"@type\":\"EntryPoint\",\"urlTemplate\":\"https:\\\/\\\/animaloos.com\\\/?s={search_term_string}\"},\"query-input\":{\"@type\":\"PropertyValueSpecification\",\"valueRequired\":true,\"valueName\":\"search_term_string\"}}],\"inLanguage\":\"de\"}]}<\/script>\n<!-- \/ Yoast SEO plugin. -->","yoast_head_json":{"title":"Cookie-Politik - Animaloos","robots":{"index":"index","follow":"follow","max-snippet":"max-snippet:-1","max-image-preview":"max-image-preview:large","max-video-preview":"max-video-preview:-1"},"canonical":"https:\/\/animaloos.com\/de\/cookie-richtlinie\/?wmc-currency=EUR","og_locale":"de_DE","og_type":"article","og_title":"Politique de cookies - Animaloos","og_description":"Last updated: June 30, 2025 At Animaloos, we use cookies to improve your browsing experience, analyze site traffic, and personalize content and advertisements. This page explains what cookies are, how we use them, and how you can manage your preferences. 1. What is a cookie? A cookie is a small text file stored on your [&hellip;]","og_url":"https:\/\/animaloos.com\/de\/cookie-richtlinie\/?wmc-currency=EUR","og_site_name":"Animaloos","article_modified_time":"2025-07-10T13:44:55+00:00","twitter_card":"summary_large_image","twitter_misc":{"Gesch\u00e4tzte Lesezeit":"3\u00a0Minuten"},"schema":{"@context":"https:\/\/schema.org","@graph":[{"@type":"WebPage","@id":"https:\/\/animaloos.com\/politique-de-cookies\/","url":"https:\/\/animaloos.com\/politique-de-cookies\/","name":"Cookie-Politik - Animaloos","isPartOf":{"@id":"https:\/\/animaloos.com\/#website"},"datePublished":"2025-07-10T13:39:51+00:00","dateModified":"2025-07-10T13:44:55+00:00","breadcrumb":{"@id":"https:\/\/animaloos.com\/politique-de-cookies\/#breadcrumb"},"inLanguage":"de","potentialAction":[{"@type":"ReadAction","target":["https:\/\/animaloos.com\/politique-de-cookies\/"]}]},{"@type":"BreadcrumbList","@id":"https:\/\/animaloos.com\/politique-de-cookies\/#breadcrumb","itemListElement":[{"@type":"ListItem","position":1,"name":"Accueil","item":"https:\/\/animaloos.com\/"},{"@type":"ListItem","position":2,"name":"Politique de cookies"}]},{"@type":"WebSite","@id":"https:\/\/animaloos.com\/#website","url":"https:\/\/animaloos.com\/","name":"Unterschied","description":"","potentialAction":[{"@type":"SearchAction","target":{"@type":"EntryPoint","urlTemplate":"https:\/\/animaloos.com\/?s={search_term_string}"},"query-input":{"@type":"PropertyValueSpecification","valueRequired":true,"valueName":"search_term_string"}}],"inLanguage":"de"}]}},"_links":{"self":[{"href":"https:\/\/animaloos.com\/de\/wp-json\/wp\/v2\/pages\/4582","targetHints":{"allow":["GET"]}}],"collection":[{"href":"https:\/\/animaloos.com\/de\/wp-json\/wp\/v2\/pages"}],"about":[{"href":"https:\/\/animaloos.com\/de\/wp-json\/wp\/v2\/types\/page"}],"author":[{"embeddable":true,"href":"https:\/\/animaloos.com\/de\/wp-json\/wp\/v2\/users\/1"}],"replies":[{"embeddable":true,"href":"https:\/\/animaloos.com\/de\/wp-json\/wp\/v2\/comments?post=4582"}],"version-history":[{"count":3,"href":"https:\/\/animaloos.com\/de\/wp-json\/wp\/v2\/pages\/4582\/revisions"}],"predecessor-version":[{"id":4588,"href":"https:\/\/animaloos.com\/de\/wp-json\/wp\/v2\/pages\/4582\/revisions\/4588"}],"wp:attachment":[{"href":"https:\/\/animaloos.com\/de\/wp-json\/wp\/v2\/media?parent=4582"}],"curies":[{"name":"wp","href":"https:\/\/api.w.org\/{rel}","templated":true}]}}