{"id":186,"date":"2025-03-02T13:23:57","date_gmt":"2025-03-02T12:23:57","guid":{"rendered":"https:\/\/animaloos.yohanndeprez.com\/?page_id=186"},"modified":"2025-10-14T13:32:33","modified_gmt":"2025-10-14T11:32:33","slug":"rechtliche-hinweise","status":"publish","type":"page","link":"https:\/\/animaloos.com\/de\/mentions-legales\/","title":{"rendered":"Rechtliche Hinweise"},"content":{"rendered":"<div data-elementor-type=\"wp-page\" data-elementor-id=\"186\" class=\"elementor elementor-186\" data-elementor-post-type=\"page\">\n\t\t\t\t<div class=\"elementor-element elementor-element-5e25b9b e-flex e-con-boxed e-con e-parent\" data-id=\"5e25b9b\" data-element_type=\"container\" data-e-type=\"container\">\n\t\t\t\t\t<div class=\"e-con-inner\">\n\t\t\t\t<div class=\"elementor-element elementor-element-a1e34b3 elementor-widget elementor-widget-heading\" data-id=\"a1e34b3\" data-element_type=\"widget\" data-e-type=\"widget\" data-widget_type=\"heading.default\">\n\t\t\t\t<div class=\"elementor-widget-container\">\n\t\t\t\t\t<h1 class=\"elementor-heading-title elementor-size-default\">Rechtliche Hinweise<\/h1>\t\t\t\t<\/div>\n\t\t\t\t<\/div>\n\t\t\t\t<div class=\"elementor-element elementor-element-96a434d elementor-widget elementor-widget-text-editor\" data-id=\"96a434d\" data-element_type=\"widget\" data-e-type=\"widget\" data-widget_type=\"text-editor.default\">\n\t\t\t\t<div class=\"elementor-widget-container\">\n\t\t\t\t\t<style>.elementor-element-96a434d{display:none !important}<\/style>\t\t\t\t<\/div>\n\t\t\t\t<\/div>\n\t\t\t\t<div class=\"elementor-element elementor-element-8a20880 elementor-widget elementor-widget-text-editor\" data-id=\"8a20880\" data-element_type=\"widget\" data-e-type=\"widget\" data-widget_type=\"text-editor.default\">\n\t\t\t\t<div class=\"elementor-widget-container\">\n\t\t\t\t\t<style>.elementor-element-8a20880{display:none !important}<\/style>\t\t\t\t<\/div>\n\t\t\t\t<\/div>\n\t\t\t\t<div class=\"elementor-element elementor-element-e2df9f3 elementor-widget elementor-widget-text-editor\" data-id=\"e2df9f3\" data-element_type=\"widget\" data-e-type=\"widget\" data-widget_type=\"text-editor.default\">\n\t\t\t\t<div class=\"elementor-widget-container\">\n\t\t\t\t\t\t\t\t\t<p><span style=\"color: #333333;\">Die Website <a href=\"https:\/\/animaloos.com\/de\/?wmc-currency=EUR\">www.animaloos.com<\/a> (im Folgenden \"die Website\") wird herausgegeben von:<br \/><br \/><b>CARAMBOULE<\/b>eine franz\u00f6sische vereinfachte Aktiengesellschaft (SAS) mit einem Kapital von 15.000 Euro, eingetragen im Handels- und Gesellschaftsregister von La Roche-sur-Yon unter der Nummer <b>893 932 756<\/b>mit Sitz in <b>4 impasse de la Gobeti\u00e8re, 85300 Challans, Frankreich<\/b>.<br \/><br \/><b>Hosting<\/b><br \/><br \/>Die Website wird gehostet von:<br \/><b>IONOS<\/b>, franz\u00f6sische Gesellschaft mit beschr\u00e4nkter Haftung (SARL) mit einem Kapital von 100.000 EUR, mit Sitz in <b>7, place de la Gare, BP 70109, 57200 Sarreguemines Cedex, Frankreich<\/b>eingetragen unter der Nummer RCS B 431 303 775.<br \/><br \/><b>Datensicherheit<\/b><br \/><br \/>Wir setzen verschiedene Methoden ein, um die \u00fcbermittelten personenbezogenen Daten zu sichern und unbefugten Zugriff, Missbrauch oder Offenlegung zu verhindern.<br \/><br \/>Elektronische Daten und Datenbanken werden auf sicheren Servern gespeichert, auf die nur wir Zugriff haben.<br \/><br \/>Wir k\u00f6nnen jedoch keine absolute Sicherheit f\u00fcr das Internet oder jede Online-Kommunikation garantieren.<br \/><br \/><b>Haftungsausschluss<\/b><br \/><br \/>Wir \u00fcbernehmen keine Haftung:<br \/><br \/>- f\u00fcr Unterbrechungen der Website;<br \/>- f\u00fcr Softwarefehler oder Bugs;<br \/>- f\u00fcr Ungenauigkeiten oder Auslassungen bei den auf der Website verf\u00fcgbaren Informationen;<br \/>- f\u00fcr Sch\u00e4den, die durch eine betr\u00fcgerische \u00c4nderung der Informationen durch Dritte entstehen;<br \/>- sowie f\u00fcr direkte oder indirekte Sch\u00e4den, unabh\u00e4ngig von Ursache, Herkunft, Art oder Folgen - einschlie\u00dflich der Kosten, die aus dem Erwerb von \u00fcber die Website angebotenen Produkten entstehen k\u00f6nnen.<br \/><br \/><b>Allgemeine Gesch\u00e4ftsbedingungen<\/b><br \/><br \/>Unsere <b>Allgemeine Gesch\u00e4ftsbedingungen<\/b> sind jederzeit w\u00e4hrend Ihrer Besuche auf der Website \u00fcber den Link \"Allgemeine Gesch\u00e4ftsbedingungen\" oder \"Impressum\" am unteren Rand jeder Seite abrufbar.<br \/><br \/><b>Online-Streitbeilegung<\/b><br \/><br \/>Hier finden Sie den Link zur Plattform der Europ\u00e4ischen Kommission zur Online-Streitbeilegung:<br \/><a href=\"http:\/\/ec.europa.eu\/odr\">http:\/\/ec.europa.eu\/odr<\/a><br \/><\/span><\/p>\t\t\t\t\t\t\t\t<\/div>\n\t\t\t\t<\/div>\n\t\t\t\t<div class=\"elementor-element elementor-element-fd284be elementor-widget elementor-widget-text-editor\" data-id=\"fd284be\" data-element_type=\"widget\" data-e-type=\"widget\" data-widget_type=\"text-editor.default\">\n\t\t\t\t<div class=\"elementor-widget-container\">\n\t\t\t\t\t<style>.elementor-element-fd284be{display:none !important}<\/style>\t\t\t\t<\/div>\n\t\t\t\t<\/div>\n\t\t\t\t<div class=\"elementor-element elementor-element-5043441 elementor-widget elementor-widget-text-editor\" data-id=\"5043441\" data-element_type=\"widget\" data-e-type=\"widget\" data-widget_type=\"text-editor.default\">\n\t\t\t\t<div class=\"elementor-widget-container\">\n\t\t\t\t\t<style>.elementor-element-5043441{display:none !important}<\/style>\t\t\t\t<\/div>\n\t\t\t\t<\/div>\n\t\t\t\t<div class=\"elementor-element elementor-element-d91cebd elementor-widget elementor-widget-text-editor\" data-id=\"d91cebd\" data-element_type=\"widget\" data-e-type=\"widget\" data-widget_type=\"text-editor.default\">\n\t\t\t\t<div class=\"elementor-widget-container\">\n\t\t\t\t\t<style>.elementor-element-d91cebd{display:none !important}<\/style>\t\t\t\t<\/div>\n\t\t\t\t<\/div>\n\t\t\t\t\t<\/div>\n\t\t\t\t<\/div>\n\t\t\t\t<\/div>","protected":false},"excerpt":{"rendered":"<p>Il sito web www.animaloos.com (di seguito \u201cil sito\u201d) \u00e8 gestito da: CARAMBOULE, societ\u00e0 per azioni semplificata (SAS) con capitale di 15.000 euro, iscritta al Registro delle Imprese di La Roche-sur-Yon con il numero 893 932 756, con sede legale in 4 impasse de la Gobeti\u00e8re, 85300 Challans, Francia. Hosting del sito Il sito \u00e8 ospitato [&hellip;]<\/p>\n","protected":false},"author":1,"featured_media":0,"parent":0,"menu_order":13,"comment_status":"closed","ping_status":"closed","template":"elementor_header_footer","meta":{"footnotes":""},"class_list":["post-186","page","type-page","status-publish","hentry"],"blocksy_meta":[],"yoast_head":"<!-- This site is optimized with the Yoast SEO plugin v27.4 - https:\/\/yoast.com\/product\/yoast-seo-wordpress\/ -->\n<title>Mentions l\u00e9gales - Animaloos<\/title>\n<meta name=\"robots\" content=\"index, follow, max-snippet:-1, max-image-preview:large, max-video-preview:-1\" \/>\n<link rel=\"canonical\" href=\"https:\/\/animaloos.com\/de\/rechtliche-hinweise\/?wmc-currency=EUR\" \/>\n<meta property=\"og:locale\" content=\"de_DE\" \/>\n<meta property=\"og:type\" content=\"article\" \/>\n<meta property=\"og:title\" content=\"Mentions l\u00e9gales - Animaloos\" \/>\n<meta property=\"og:description\" content=\"Il sito web www.animaloos.com (di seguito \u201cil sito\u201d) \u00e8 gestito da: CARAMBOULE, societ\u00e0 per azioni semplificata (SAS) con capitale di 15.000 euro, iscritta al Registro delle Imprese di La Roche-sur-Yon con il numero 893 932 756, con sede legale in 4 impasse de la Gobeti\u00e8re, 85300 Challans, Francia. Hosting del sito Il sito \u00e8 ospitato [&hellip;]\" \/>\n<meta property=\"og:url\" content=\"https:\/\/animaloos.com\/de\/rechtliche-hinweise\/?wmc-currency=EUR\" \/>\n<meta property=\"og:site_name\" content=\"Animaloos\" \/>\n<meta property=\"article:modified_time\" content=\"2025-10-14T11:32:33+00:00\" \/>\n<meta name=\"twitter:card\" content=\"summary_large_image\" \/>\n<meta name=\"twitter:label1\" content=\"Gesch\u00e4tzte Lesezeit\" \/>\n\t<meta name=\"twitter:data1\" content=\"9\u00a0Minuten\" \/>\n<script type=\"application\/ld+json\" class=\"yoast-schema-graph\">{\"@context\":\"https:\\\/\\\/schema.org\",\"@graph\":[{\"@type\":\"WebPage\",\"@id\":\"https:\\\/\\\/animaloos.com\\\/mentions-legales\\\/\",\"url\":\"https:\\\/\\\/animaloos.com\\\/mentions-legales\\\/\",\"name\":\"Mentions l\u00e9gales - Animaloos\",\"isPartOf\":{\"@id\":\"https:\\\/\\\/animaloos.com\\\/#website\"},\"datePublished\":\"2025-03-02T12:23:57+00:00\",\"dateModified\":\"2025-10-14T11:32:33+00:00\",\"breadcrumb\":{\"@id\":\"https:\\\/\\\/animaloos.com\\\/mentions-legales\\\/#breadcrumb\"},\"inLanguage\":\"de\",\"potentialAction\":[{\"@type\":\"ReadAction\",\"target\":[\"https:\\\/\\\/animaloos.com\\\/mentions-legales\\\/\"]}]},{\"@type\":\"BreadcrumbList\",\"@id\":\"https:\\\/\\\/animaloos.com\\\/mentions-legales\\\/#breadcrumb\",\"itemListElement\":[{\"@type\":\"ListItem\",\"position\":1,\"name\":\"Accueil\",\"item\":\"https:\\\/\\\/animaloos.com\\\/\"},{\"@type\":\"ListItem\",\"position\":2,\"name\":\"Mentions l\u00e9gales\"}]},{\"@type\":\"WebSite\",\"@id\":\"https:\\\/\\\/animaloos.com\\\/#website\",\"url\":\"https:\\\/\\\/animaloos.com\\\/\",\"name\":\"Animaloos\",\"description\":\"\",\"potentialAction\":[{\"@type\":\"SearchAction\",\"target\":{\"@type\":\"EntryPoint\",\"urlTemplate\":\"https:\\\/\\\/animaloos.com\\\/?s={search_term_string}\"},\"query-input\":{\"@type\":\"PropertyValueSpecification\",\"valueRequired\":true,\"valueName\":\"search_term_string\"}}],\"inLanguage\":\"de\"}]}<\/script>\n<!-- \/ Yoast SEO plugin. -->","yoast_head_json":{"title":"Rechtliche Hinweise - Animaloos","robots":{"index":"index","follow":"follow","max-snippet":"max-snippet:-1","max-image-preview":"max-image-preview:large","max-video-preview":"max-video-preview:-1"},"canonical":"https:\/\/animaloos.com\/de\/rechtliche-hinweise\/?wmc-currency=EUR","og_locale":"de_DE","og_type":"article","og_title":"Mentions l\u00e9gales - Animaloos","og_description":"Il sito web www.animaloos.com (di seguito \u201cil sito\u201d) \u00e8 gestito da: CARAMBOULE, societ\u00e0 per azioni semplificata (SAS) con capitale di 15.000 euro, iscritta al Registro delle Imprese di La Roche-sur-Yon con il numero 893 932 756, con sede legale in 4 impasse de la Gobeti\u00e8re, 85300 Challans, Francia. Hosting del sito Il sito \u00e8 ospitato [&hellip;]","og_url":"https:\/\/animaloos.com\/de\/rechtliche-hinweise\/?wmc-currency=EUR","og_site_name":"Animaloos","article_modified_time":"2025-10-14T11:32:33+00:00","twitter_card":"summary_large_image","twitter_misc":{"Gesch\u00e4tzte Lesezeit":"9\u00a0Minuten"},"schema":{"@context":"https:\/\/schema.org","@graph":[{"@type":"WebPage","@id":"https:\/\/animaloos.com\/mentions-legales\/","url":"https:\/\/animaloos.com\/mentions-legales\/","name":"Rechtliche Hinweise - Animaloos","isPartOf":{"@id":"https:\/\/animaloos.com\/#website"},"datePublished":"2025-03-02T12:23:57+00:00","dateModified":"2025-10-14T11:32:33+00:00","breadcrumb":{"@id":"https:\/\/animaloos.com\/mentions-legales\/#breadcrumb"},"inLanguage":"de","potentialAction":[{"@type":"ReadAction","target":["https:\/\/animaloos.com\/mentions-legales\/"]}]},{"@type":"BreadcrumbList","@id":"https:\/\/animaloos.com\/mentions-legales\/#breadcrumb","itemListElement":[{"@type":"ListItem","position":1,"name":"Accueil","item":"https:\/\/animaloos.com\/"},{"@type":"ListItem","position":2,"name":"Mentions l\u00e9gales"}]},{"@type":"WebSite","@id":"https:\/\/animaloos.com\/#website","url":"https:\/\/animaloos.com\/","name":"Unterschied","description":"","potentialAction":[{"@type":"SearchAction","target":{"@type":"EntryPoint","urlTemplate":"https:\/\/animaloos.com\/?s={search_term_string}"},"query-input":{"@type":"PropertyValueSpecification","valueRequired":true,"valueName":"search_term_string"}}],"inLanguage":"de"}]}},"_links":{"self":[{"href":"https:\/\/animaloos.com\/de\/wp-json\/wp\/v2\/pages\/186","targetHints":{"allow":["GET"]}}],"collection":[{"href":"https:\/\/animaloos.com\/de\/wp-json\/wp\/v2\/pages"}],"about":[{"href":"https:\/\/animaloos.com\/de\/wp-json\/wp\/v2\/types\/page"}],"author":[{"embeddable":true,"href":"https:\/\/animaloos.com\/de\/wp-json\/wp\/v2\/users\/1"}],"replies":[{"embeddable":true,"href":"https:\/\/animaloos.com\/de\/wp-json\/wp\/v2\/comments?post=186"}],"version-history":[{"count":15,"href":"https:\/\/animaloos.com\/de\/wp-json\/wp\/v2\/pages\/186\/revisions"}],"predecessor-version":[{"id":7461,"href":"https:\/\/animaloos.com\/de\/wp-json\/wp\/v2\/pages\/186\/revisions\/7461"}],"wp:attachment":[{"href":"https:\/\/animaloos.com\/de\/wp-json\/wp\/v2\/media?parent=186"}],"curies":[{"name":"wp","href":"https:\/\/api.w.org\/{rel}","templated":true}]}}