{"id":185,"date":"2025-03-02T13:23:50","date_gmt":"2025-03-02T12:23:50","guid":{"rendered":"https:\/\/animaloos.yohanndeprez.com\/?page_id=185"},"modified":"2025-10-14T13:28:35","modified_gmt":"2025-10-14T11:28:35","slug":"datenschutzrichtlinie","status":"publish","type":"page","link":"https:\/\/animaloos.com\/de\/politique-de-confidentialite\/","title":{"rendered":"Datenschutzrichtlinie"},"content":{"rendered":"<div data-elementor-type=\"wp-page\" data-elementor-id=\"185\" class=\"elementor elementor-185\" data-elementor-post-type=\"page\">\n\t\t\t\t<div class=\"elementor-element elementor-element-22a50fe e-flex e-con-boxed e-con e-parent\" data-id=\"22a50fe\" data-element_type=\"container\" data-e-type=\"container\">\n\t\t\t\t\t<div class=\"e-con-inner\">\n\t\t\t\t<div class=\"elementor-element elementor-element-3be2e8b elementor-widget elementor-widget-heading\" data-id=\"3be2e8b\" data-element_type=\"widget\" data-e-type=\"widget\" data-widget_type=\"heading.default\">\n\t\t\t\t<div class=\"elementor-widget-container\">\n\t\t\t\t\t<h1 class=\"elementor-heading-title elementor-size-default\">Datenschutzrichtlinie<\/h1>\t\t\t\t<\/div>\n\t\t\t\t<\/div>\n\t\t\t\t<div class=\"elementor-element elementor-element-5376869 elementor-widget elementor-widget-text-editor\" data-id=\"5376869\" data-element_type=\"widget\" data-e-type=\"widget\" data-widget_type=\"text-editor.default\">\n\t\t\t\t<div class=\"elementor-widget-container\">\n\t\t\t\t\t<style>.elementor-element-5376869{display:none !important}<\/style>\t\t\t\t<\/div>\n\t\t\t\t<\/div>\n\t\t\t\t<div class=\"elementor-element elementor-element-8fc8043 elementor-widget elementor-widget-text-editor\" data-id=\"8fc8043\" data-element_type=\"widget\" data-e-type=\"widget\" data-widget_type=\"text-editor.default\">\n\t\t\t\t<div class=\"elementor-widget-container\">\n\t\t\t\t\t<style>.elementor-element-8fc8043{display:none !important}<\/style>\t\t\t\t<\/div>\n\t\t\t\t<\/div>\n\t\t\t\t<div class=\"elementor-element elementor-element-47ab234 elementor-widget elementor-widget-text-editor\" data-id=\"47ab234\" data-element_type=\"widget\" data-e-type=\"widget\" data-widget_type=\"text-editor.default\">\n\t\t\t\t<div class=\"elementor-widget-container\">\n\t\t\t\t\t<style>.elementor-element-47ab234{display:none !important}<\/style>\t\t\t\t<\/div>\n\t\t\t\t<\/div>\n\t\t\t\t<div class=\"elementor-element elementor-element-d9bb072 elementor-widget elementor-widget-text-editor\" data-id=\"d9bb072\" data-element_type=\"widget\" data-e-type=\"widget\" data-widget_type=\"text-editor.default\">\n\t\t\t\t<div class=\"elementor-widget-container\">\n\t\t\t\t\t<style>.elementor-element-d9bb072{display:none !important}<\/style>\t\t\t\t<\/div>\n\t\t\t\t<\/div>\n\t\t\t\t<div class=\"elementor-element elementor-element-6ee6351 elementor-widget elementor-widget-text-editor\" data-id=\"6ee6351\" data-element_type=\"widget\" data-e-type=\"widget\" data-widget_type=\"text-editor.default\">\n\t\t\t\t<div class=\"elementor-widget-container\">\n\t\t\t\t\t<style>.elementor-element-6ee6351{display:none !important}<\/style>\t\t\t\t<\/div>\n\t\t\t\t<\/div>\n\t\t\t\t<div class=\"elementor-element elementor-element-eaa8e28 elementor-widget elementor-widget-text-editor\" data-id=\"eaa8e28\" data-element_type=\"widget\" data-e-type=\"widget\" data-widget_type=\"text-editor.default\">\n\t\t\t\t<div class=\"elementor-widget-container\">\n\t\t\t\t\t\t\t\t\t<p><span style=\"color: #333333;\"><b>1. Erhobene personenbezogene Daten<\/b><br \/><br \/>Wenn Sie einen Kauf auf der Website Animaloos t\u00e4tigen, erfassen wir im Rahmen des Bestell- und Verkaufsprozesses die personenbezogenen Daten, die Sie uns mitteilen - wie zum Beispiel.B. Ihr Name, Ihre Adresse und Ihre E-Mail-Adresse.<br \/><br \/>Beim Besuch unserer Website erhalten wir au\u00dferdem automatisch die IP-Adresse Ihres Computers, um mehr \u00fcber den von Ihnen verwendeten Browser und das Betriebssystem zu erfahren.<br \/><br \/>E-Mail-Marketing (falls zutreffend): Mit Ihrer ausdr\u00fccklichen Zustimmung k\u00f6nnen wir Ihnen E-Mails \u00fcber unseren Shop, neue Produkte oder Aktualisierungen zusenden.<br \/><br \/><b>2. Einwilligung<\/b><br \/><br \/><b>Wie erhalten wir Ihre Zustimmung?<\/b><br \/>Wenn Sie uns Ihre personenbezogenen Daten zur Durchf\u00fchrung einer Transaktion (Zahlung, Bestellung, Lieferung, R\u00fcckgabe) zur Verf\u00fcgung stellen, gehen wir davon aus, dass Sie mit der Erhebung und Verwendung zu diesem Zweck einverstanden sind.<br \/><br \/>Falls wir Ihre Daten f\u00fcr andere Zwecke (z. B. Marketing) verwenden m\u00f6chten, holen wir Ihre ausdr\u00fcckliche Zustimmung ein oder geben Ihnen die M\u00f6glichkeit zur Ablehnung.<br \/><br \/><b>Wie kann ich meine Zustimmung widerrufen?<\/b><br \/>Wenn Sie nach Ihrer Einwilligung Ihre Meinung \u00e4ndern, k\u00f6nnen Sie diese jederzeit widerrufen, indem Sie uns per E-Mail kontaktieren: <a href=\"mailto:contact@animaloos.com\"><b>contact@animaloos.com<\/b><\/a><br \/><br \/><b>3. Offenlegung<\/b><br \/><br \/>Wir behalten uns das Recht vor, Ihre personenbezogenen Daten offenzulegen, wenn dies gesetzlich erforderlich ist oder Sie gegen unsere AGB oder Nutzungsbedingungen versto\u00dfen.<br \/><br \/><b>4. Hosting - Ionos<\/b><br \/><br \/>Unsere Website wird von <a href=\"\/de\/Ionos.com\/?wmc-currency=EUR\"><b>Ionos.com<\/b><\/a> gehostet.<br \/>Ihre Daten werden auf sicheren Servern gespeichert, die durch Firewalls gesch\u00fctzt sind.<br \/><br \/><b>Zahlung:<\/b> Wenn Sie \u00fcber eine Direktzahlung bezahlen, speichert Ionos Ihre Kreditkartendaten in verschl\u00fcsselter Form gem\u00e4\u00df den Sicherheitsstandards der Kreditkartenbranche (PCI-DSS).<br \/><br \/>Weitere Informationen finden Sie in den Nutzungsbedingungen und Datenschutzrichtlinien von Ionos.<br \/><br \/><b>5. Drittanbieter<\/b><br \/><br \/>Die Drittanbieter, mit denen wir arbeiten, erfassen, verwenden und geben Ihre Informationen nur im erforderlichen Umfang weiter, um ihre Dienstleistungen zu erf\u00fcllen.<br \/><br \/>Einige Dienste, wie Zahlungsabwickler, haben eigene Datenschutzrichtlinien f\u00fcr die Informationen, die wir im Rahmen Ihrer Bestellung bereitstellen m\u00fcssen.<br \/><br \/><b>6. Sicherheit<\/b><br \/><br \/>Zum Schutz Ihrer personenbezogenen Daten ergreifen wir angemessene Vorsichtsma\u00dfnahmen und folgen bew\u00e4hrten Verfahren der Branche.<br \/><br \/>Wenn Sie uns Kreditkarteninformationen \u00fcbermitteln, werden diese per SSL-Protokoll verschl\u00fcsselt und gem\u00e4\u00df dem AES-256-Standard gesichert.<br \/><br \/><b>7. Mindestalter<\/b><br \/><br \/>Durch die Nutzung der Website erkl\u00e4ren Sie, dass Sie in Ihrem Wohnsitzland vollj\u00e4hrig sind und gegebenenfalls die Erlaubnis f\u00fcr minderj\u00e4hrige Angeh\u00f6rige zur Nutzung der Website erteilt haben.<br \/><br \/><b>8. \u00c4nderungen dieser Richtlinie<\/b><br \/><br \/>Wir behalten uns das Recht vor, diese Datenschutzrichtlinie jederzeit zu \u00e4ndern. Bitte \u00fcberpr\u00fcfen Sie sie regelm\u00e4\u00dfig.<br \/><br \/>Im Falle eines Eigent\u00fcmerwechsels (z. B. \u00dcbernahme oder Fusion) k\u00f6nnen Ihre Daten an neue Eigent\u00fcmer \u00fcbergehen, damit der Verkauf weiter erfolgen kann.<br \/><br \/><b>Fragen und Kontakt<\/b><br \/>Wenn Sie auf Ihre Daten zugreifen, sie berichtigen oder l\u00f6schen m\u00f6chten, eine Beschwerde einreichen oder weitere Informationen ben\u00f6tigen, kontaktieren Sie uns:<br \/>\ud83d\udce9 <a href=\"mailto:contact@animaloos.com\"><b>contact@animaloos.com<\/b><\/a><br \/><\/span><\/p>\t\t\t\t\t\t\t\t<\/div>\n\t\t\t\t<\/div>\n\t\t\t\t\t<\/div>\n\t\t\t\t<\/div>\n\t\t\t\t<\/div>","protected":false},"excerpt":{"rendered":"<p>1. Donn\u00e9es collect\u00e9es Lorsque vous effectuez un achat sur le site Animaloos, nous recueillons certaines donn\u00e9es personnelles n\u00e9cessaires \u00e0 la commande : nom, adresse, e-mail et informations de livraison. Lors de votre navigation, nous collectons \u00e9galement votre adresse IP, afin d\u2019optimiser votre exp\u00e9rience utilisateur et de s\u00e9curiser nos services (ex : d\u00e9tection de fraude). Avec [&hellip;]<\/p>\n","protected":false},"author":1,"featured_media":0,"parent":0,"menu_order":17,"comment_status":"closed","ping_status":"closed","template":"elementor_header_footer","meta":{"footnotes":""},"class_list":["post-185","page","type-page","status-publish","hentry"],"blocksy_meta":[],"yoast_head":"<!-- This site is optimized with the Yoast SEO plugin v27.4 - https:\/\/yoast.com\/product\/yoast-seo-wordpress\/ -->\n<title>Politique de confidentialit\u00e9 - Animaloos<\/title>\n<meta name=\"robots\" content=\"index, follow, max-snippet:-1, max-image-preview:large, max-video-preview:-1\" \/>\n<link rel=\"canonical\" href=\"https:\/\/animaloos.com\/de\/datenschutzrichtlinie\/?wmc-currency=EUR\" \/>\n<meta property=\"og:locale\" content=\"de_DE\" \/>\n<meta property=\"og:type\" content=\"article\" \/>\n<meta property=\"og:title\" content=\"Politique de confidentialit\u00e9 - Animaloos\" \/>\n<meta property=\"og:description\" content=\"1. Donn\u00e9es collect\u00e9es Lorsque vous effectuez un achat sur le site Animaloos, nous recueillons certaines donn\u00e9es personnelles n\u00e9cessaires \u00e0 la commande : nom, adresse, e-mail et informations de livraison. Lors de votre navigation, nous collectons \u00e9galement votre adresse IP, afin d\u2019optimiser votre exp\u00e9rience utilisateur et de s\u00e9curiser nos services (ex : d\u00e9tection de fraude). Avec [&hellip;]\" \/>\n<meta property=\"og:url\" content=\"https:\/\/animaloos.com\/de\/datenschutzrichtlinie\/?wmc-currency=EUR\" \/>\n<meta property=\"og:site_name\" content=\"Animaloos\" \/>\n<meta property=\"article:modified_time\" content=\"2025-10-14T11:28:35+00:00\" \/>\n<meta name=\"twitter:card\" content=\"summary_large_image\" \/>\n<meta name=\"twitter:label1\" content=\"Gesch\u00e4tzte Lesezeit\" \/>\n\t<meta name=\"twitter:data1\" content=\"14\u00a0Minuten\" \/>\n<script type=\"application\/ld+json\" class=\"yoast-schema-graph\">{\"@context\":\"https:\\\/\\\/schema.org\",\"@graph\":[{\"@type\":\"WebPage\",\"@id\":\"https:\\\/\\\/animaloos.com\\\/politique-de-confidentialite\\\/\",\"url\":\"https:\\\/\\\/animaloos.com\\\/politique-de-confidentialite\\\/\",\"name\":\"Politique de confidentialit\u00e9 - Animaloos\",\"isPartOf\":{\"@id\":\"https:\\\/\\\/animaloos.com\\\/#website\"},\"datePublished\":\"2025-03-02T12:23:50+00:00\",\"dateModified\":\"2025-10-14T11:28:35+00:00\",\"breadcrumb\":{\"@id\":\"https:\\\/\\\/animaloos.com\\\/politique-de-confidentialite\\\/#breadcrumb\"},\"inLanguage\":\"de\",\"potentialAction\":[{\"@type\":\"ReadAction\",\"target\":[\"https:\\\/\\\/animaloos.com\\\/politique-de-confidentialite\\\/\"]}]},{\"@type\":\"BreadcrumbList\",\"@id\":\"https:\\\/\\\/animaloos.com\\\/politique-de-confidentialite\\\/#breadcrumb\",\"itemListElement\":[{\"@type\":\"ListItem\",\"position\":1,\"name\":\"Accueil\",\"item\":\"https:\\\/\\\/animaloos.com\\\/\"},{\"@type\":\"ListItem\",\"position\":2,\"name\":\"Politique de confidentialit\u00e9\"}]},{\"@type\":\"WebSite\",\"@id\":\"https:\\\/\\\/animaloos.com\\\/#website\",\"url\":\"https:\\\/\\\/animaloos.com\\\/\",\"name\":\"Animaloos\",\"description\":\"\",\"potentialAction\":[{\"@type\":\"SearchAction\",\"target\":{\"@type\":\"EntryPoint\",\"urlTemplate\":\"https:\\\/\\\/animaloos.com\\\/?s={search_term_string}\"},\"query-input\":{\"@type\":\"PropertyValueSpecification\",\"valueRequired\":true,\"valueName\":\"search_term_string\"}}],\"inLanguage\":\"de\"}]}<\/script>\n<!-- \/ Yoast SEO plugin. -->","yoast_head_json":{"title":"Datenschutzrichtlinie - Animaloos","robots":{"index":"index","follow":"follow","max-snippet":"max-snippet:-1","max-image-preview":"max-image-preview:large","max-video-preview":"max-video-preview:-1"},"canonical":"https:\/\/animaloos.com\/de\/datenschutzrichtlinie\/?wmc-currency=EUR","og_locale":"de_DE","og_type":"article","og_title":"Politique de confidentialit\u00e9 - Animaloos","og_description":"1. Donn\u00e9es collect\u00e9es Lorsque vous effectuez un achat sur le site Animaloos, nous recueillons certaines donn\u00e9es personnelles n\u00e9cessaires \u00e0 la commande : nom, adresse, e-mail et informations de livraison. Lors de votre navigation, nous collectons \u00e9galement votre adresse IP, afin d\u2019optimiser votre exp\u00e9rience utilisateur et de s\u00e9curiser nos services (ex : d\u00e9tection de fraude). Avec [&hellip;]","og_url":"https:\/\/animaloos.com\/de\/datenschutzrichtlinie\/?wmc-currency=EUR","og_site_name":"Animaloos","article_modified_time":"2025-10-14T11:28:35+00:00","twitter_card":"summary_large_image","twitter_misc":{"Gesch\u00e4tzte Lesezeit":"14\u00a0Minuten"},"schema":{"@context":"https:\/\/schema.org","@graph":[{"@type":"WebPage","@id":"https:\/\/animaloos.com\/politique-de-confidentialite\/","url":"https:\/\/animaloos.com\/politique-de-confidentialite\/","name":"Datenschutzrichtlinie - Animaloos","isPartOf":{"@id":"https:\/\/animaloos.com\/#website"},"datePublished":"2025-03-02T12:23:50+00:00","dateModified":"2025-10-14T11:28:35+00:00","breadcrumb":{"@id":"https:\/\/animaloos.com\/politique-de-confidentialite\/#breadcrumb"},"inLanguage":"de","potentialAction":[{"@type":"ReadAction","target":["https:\/\/animaloos.com\/politique-de-confidentialite\/"]}]},{"@type":"BreadcrumbList","@id":"https:\/\/animaloos.com\/politique-de-confidentialite\/#breadcrumb","itemListElement":[{"@type":"ListItem","position":1,"name":"Accueil","item":"https:\/\/animaloos.com\/"},{"@type":"ListItem","position":2,"name":"Politique de confidentialit\u00e9"}]},{"@type":"WebSite","@id":"https:\/\/animaloos.com\/#website","url":"https:\/\/animaloos.com\/","name":"Unterschied","description":"","potentialAction":[{"@type":"SearchAction","target":{"@type":"EntryPoint","urlTemplate":"https:\/\/animaloos.com\/?s={search_term_string}"},"query-input":{"@type":"PropertyValueSpecification","valueRequired":true,"valueName":"search_term_string"}}],"inLanguage":"de"}]}},"_links":{"self":[{"href":"https:\/\/animaloos.com\/de\/wp-json\/wp\/v2\/pages\/185","targetHints":{"allow":["GET"]}}],"collection":[{"href":"https:\/\/animaloos.com\/de\/wp-json\/wp\/v2\/pages"}],"about":[{"href":"https:\/\/animaloos.com\/de\/wp-json\/wp\/v2\/types\/page"}],"author":[{"embeddable":true,"href":"https:\/\/animaloos.com\/de\/wp-json\/wp\/v2\/users\/1"}],"replies":[{"embeddable":true,"href":"https:\/\/animaloos.com\/de\/wp-json\/wp\/v2\/comments?post=185"}],"version-history":[{"count":6,"href":"https:\/\/animaloos.com\/de\/wp-json\/wp\/v2\/pages\/185\/revisions"}],"predecessor-version":[{"id":7449,"href":"https:\/\/animaloos.com\/de\/wp-json\/wp\/v2\/pages\/185\/revisions\/7449"}],"wp:attachment":[{"href":"https:\/\/animaloos.com\/de\/wp-json\/wp\/v2\/media?parent=185"}],"curies":[{"name":"wp","href":"https:\/\/api.w.org\/{rel}","templated":true}]}}